{"id":1182,"date":"2021-12-02T09:50:54","date_gmt":"2021-12-02T09:50:54","guid":{"rendered":"http:\/\/altermedianetwork.com\/?page_id=1182"},"modified":"2021-12-04T10:18:08","modified_gmt":"2021-12-04T10:18:08","slug":"memo","status":"publish","type":"page","link":"https:\/\/altermedianetwork.com\/index.php\/memo\/","title":{"rendered":"Memo"},"content":{"rendered":"\n<hr class=\"wp-block-separator alignfull\"\/>\n\n\n\n<div class=\"wp-block-image\"><figure class=\"aligncenter size-full is-resized\"><img loading=\"lazy\" decoding=\"async\" src=\"http:\/\/altermedianetwork.com\/wp-content\/uploads\/2021\/12\/SMem.jpg\" alt=\"\" class=\"wp-image-1138\" width=\"331\" height=\"331\" srcset=\"https:\/\/altermedianetwork.com\/wp-content\/uploads\/2021\/12\/SMem.jpg 480w, https:\/\/altermedianetwork.com\/wp-content\/uploads\/2021\/12\/SMem-300x300.jpg 300w, https:\/\/altermedianetwork.com\/wp-content\/uploads\/2021\/12\/SMem-150x150.jpg 150w, https:\/\/altermedianetwork.com\/wp-content\/uploads\/2021\/12\/SMem-50x50.jpg 50w\" sizes=\"auto, (max-width: 331px) 100vw, 331px\" \/><figcaption>MEMO DOM\u00cdNGUEZ<\/figcaption><\/figure><\/div>\n\n\n\n<p class=\"has-text-align-center has-nv-c-1-color has-text-color\"><strong>#CreaTVT #SomosRyR #MemoDominguez #AltermediaNetwork<\/strong><\/p>\n\n\n\n<p>Felizmente casado con dos hijos. VICIOS: \u00a1Familia, M\u00fasica\u2026 y hacer Radio!!! CREENCIAS: Dios es superchido\u2026 nada m\u00e1s. CCH Naucalpan CECATI 108: Especialidad Producci\u00f3n de Radio y Tv Locuci\u00f3n, Doblaje, Guion, Edici\u00f3n, C\u00e1mara de Tv. LOS REALIZADORES: Lenguaje cinematogr\u00e1fico, Direcci\u00f3n de Actores, Cortometraje.<br>Director Gral. de Crea TVT y B\u00edblico Tv.<\/p>\n\n\n\n<div class=\"wp-block-image\"><figure class=\"aligncenter size-large is-resized\"><img loading=\"lazy\" decoding=\"async\" src=\"http:\/\/altermedianetwork.com\/wp-content\/uploads\/2021\/11\/PicsArt_11-24-04.53.23-1024x267.png\" alt=\"\" class=\"wp-image-795\" width=\"371\" height=\"96\" srcset=\"https:\/\/altermedianetwork.com\/wp-content\/uploads\/2021\/11\/PicsArt_11-24-04.53.23-1024x267.png 1024w, https:\/\/altermedianetwork.com\/wp-content\/uploads\/2021\/11\/PicsArt_11-24-04.53.23-300x78.png 300w, https:\/\/altermedianetwork.com\/wp-content\/uploads\/2021\/11\/PicsArt_11-24-04.53.23-768x200.png 768w, https:\/\/altermedianetwork.com\/wp-content\/uploads\/2021\/11\/PicsArt_11-24-04.53.23-1536x400.png 1536w, https:\/\/altermedianetwork.com\/wp-content\/uploads\/2021\/11\/PicsArt_11-24-04.53.23-2048x534.png 2048w\" sizes=\"auto, (max-width: 371px) 100vw, 371px\" \/><\/figure><\/div>\n\n\n\n<p>Si es Rock Aqu\u00ed lo Encuentras!&nbsp;Un programa de tem\u00e1tica Rockanrolera nacional e internacional incluyendo jazz y blues precedentes del rock actual. Tambi\u00e9n hablaremos de Pintura, Cine, Teatro, Radio, Televisi\u00f3n, Historia, M\u00fasica, Entrevistas, Noticias y m\u00e1s.<\/p>\n\n\n\n<p>Memo es Director Gral. de Crea TVT<br>Colabora en Rock&amp;Radio con Rocksidencias martes 7:00 PM (MEX)<\/p>\n\n\n\n<div class=\"wp-block-image\"><figure class=\"aligncenter size-large is-resized\"><img loading=\"lazy\" decoding=\"async\" src=\"http:\/\/altermedianetwork.com\/wp-content\/uploads\/2021\/12\/preview-35-1024x1024.jpg\" alt=\"\" class=\"wp-image-1091\" width=\"340\" height=\"340\" srcset=\"https:\/\/altermedianetwork.com\/wp-content\/uploads\/2021\/12\/preview-35.jpg 1024w, https:\/\/altermedianetwork.com\/wp-content\/uploads\/2021\/12\/preview-35-300x300.jpg 300w, https:\/\/altermedianetwork.com\/wp-content\/uploads\/2021\/12\/preview-35-150x150.jpg 150w, https:\/\/altermedianetwork.com\/wp-content\/uploads\/2021\/12\/preview-35-768x768.jpg 768w, https:\/\/altermedianetwork.com\/wp-content\/uploads\/2021\/12\/preview-35-640x640.jpg 640w, https:\/\/altermedianetwork.com\/wp-content\/uploads\/2021\/12\/preview-35-50x50.jpg 50w\" sizes=\"auto, (max-width: 340px) 100vw, 340px\" \/><\/figure><\/div>\n\n\n\n<div class=\"wp-block-buttons is-layout-flex wp-block-buttons-is-layout-flex\">\n<div class=\"wp-block-button is-style-primary\"><a class=\"wp-block-button__link\" href=\"http:\/\/altermedianetwork.com\/index.php\/rrstaff\/\">Regresar<\/a><\/div>\n<\/div>\n\n\n\n<div style=\"bottom: 0;display: flex;height: 110px;left: 0;position: fixed;right: 0;width: 100%;z-index: 1500;overflow: hidden;\"><iframe loading=\"lazy\" name=\"contenedorPlayer\" class=\"cuadroBordeado\" allow=\"autoplay\" width=\"100%\" height=\"130px\" marginwidth=\"0\" marginheight=\"0\" hspace=\"0\" vspace=\"0\" frameborder=\"0\" scrolling=\"no\" src=\"https:\/\/cp.usastreams.com\/pr2g\/APPlayerRadioHTML5.aspx?stream=https:\/\/securestreams.eu:1302\/;&amp;fondo=08&amp;formato=mpeg&amp;color=12&amp;titulo=2&amp;autoStart=1&amp;vol=8&amp;tipo=21&amp;nombre=Rock%26Radio++24%2f7&amp;botonPlay=2&amp;server=https:\/\/securestreams.eu:1302\/index.htmlCHUMILLASsid=1\"><\/iframe><\/div>\n","protected":false},"excerpt":{"rendered":"<p>#CreaTVT #SomosRyR #MemoDominguez #AltermediaNetwork Felizmente casado con dos hijos. VICIOS: \u00a1Familia, M\u00fasica\u2026 y hacer Radio!!! CREENCIAS: Dios es superchido\u2026 nada m\u00e1s. CCH Naucalpan CECATI 108: Especialidad Producci\u00f3n de Radio y Tv Locuci\u00f3n, Doblaje, Guion, Edici\u00f3n, C\u00e1mara de Tv. LOS REALIZADORES: Lenguaje cinematogr\u00e1fico, Direcci\u00f3n de Actores, Cortometraje.Director Gral. de Crea TVT y B\u00edblico Tv. Si es&hellip;&nbsp;<a href=\"https:\/\/altermedianetwork.com\/index.php\/memo\/\" rel=\"bookmark\">Leer m\u00e1s &raquo;<span class=\"screen-reader-text\">Memo<\/span><\/a><\/p>\n","protected":false},"author":2,"featured_media":0,"parent":0,"menu_order":0,"comment_status":"closed","ping_status":"closed","template":"","meta":{"neve_meta_sidebar":"","neve_meta_container":"","neve_meta_enable_content_width":"","neve_meta_content_width":0,"neve_meta_title_alignment":"","neve_meta_author_avatar":"","neve_post_elements_order":"","neve_meta_disable_header":"","neve_meta_disable_footer":"","neve_meta_disable_title":"on","footnotes":""},"class_list":["post-1182","page","type-page","status-publish","hentry"],"yoast_head":"<!-- This site is optimized with the Yoast SEO plugin v27.4 - https:\/\/yoast.com\/product\/yoast-seo-wordpress\/ -->\n<title>Memo - Home<\/title>\n<meta name=\"robots\" content=\"index, follow, max-snippet:-1, max-image-preview:large, max-video-preview:-1\" \/>\n<link rel=\"canonical\" href=\"https:\/\/altermedianetwork.com\/index.php\/memo\/\" \/>\n<meta property=\"og:locale\" content=\"es_MX\" \/>\n<meta property=\"og:type\" content=\"article\" \/>\n<meta property=\"og:title\" content=\"Memo - Home\" \/>\n<meta property=\"og:description\" content=\"#CreaTVT #SomosRyR #MemoDominguez #AltermediaNetwork Felizmente casado con dos hijos. VICIOS: \u00a1Familia, M\u00fasica\u2026 y hacer Radio!!! CREENCIAS: Dios es superchido\u2026 nada m\u00e1s. CCH Naucalpan CECATI 108: Especialidad Producci\u00f3n de Radio y Tv Locuci\u00f3n, Doblaje, Guion, Edici\u00f3n, C\u00e1mara de Tv. LOS REALIZADORES: Lenguaje cinematogr\u00e1fico, Direcci\u00f3n de Actores, Cortometraje.Director Gral. de Crea TVT y B\u00edblico Tv. Si es&hellip;&nbsp;Leer m\u00e1s &raquo;Memo\" \/>\n<meta property=\"og:url\" content=\"https:\/\/altermedianetwork.com\/index.php\/memo\/\" \/>\n<meta property=\"og:site_name\" content=\"Home\" \/>\n<meta property=\"article:modified_time\" content=\"2021-12-04T10:18:08+00:00\" \/>\n<meta property=\"og:image\" content=\"http:\/\/altermedianetwork.com\/wp-content\/uploads\/2021\/12\/SMem.jpg\" \/>\n<meta name=\"twitter:card\" content=\"summary_large_image\" \/>\n<meta name=\"twitter:label1\" content=\"Tiempo de lectura\" \/>\n\t<meta name=\"twitter:data1\" content=\"1 minuto\" \/>\n<script type=\"application\/ld+json\" class=\"yoast-schema-graph\">{\"@context\":\"https:\\\/\\\/schema.org\",\"@graph\":[{\"@type\":\"WebPage\",\"@id\":\"https:\\\/\\\/altermedianetwork.com\\\/index.php\\\/memo\\\/\",\"url\":\"https:\\\/\\\/altermedianetwork.com\\\/index.php\\\/memo\\\/\",\"name\":\"Memo - Home\",\"isPartOf\":{\"@id\":\"https:\\\/\\\/altermedianetwork.com\\\/#website\"},\"primaryImageOfPage\":{\"@id\":\"https:\\\/\\\/altermedianetwork.com\\\/index.php\\\/memo\\\/#primaryimage\"},\"image\":{\"@id\":\"https:\\\/\\\/altermedianetwork.com\\\/index.php\\\/memo\\\/#primaryimage\"},\"thumbnailUrl\":\"http:\\\/\\\/altermedianetwork.com\\\/wp-content\\\/uploads\\\/2021\\\/12\\\/SMem.jpg\",\"datePublished\":\"2021-12-02T09:50:54+00:00\",\"dateModified\":\"2021-12-04T10:18:08+00:00\",\"breadcrumb\":{\"@id\":\"https:\\\/\\\/altermedianetwork.com\\\/index.php\\\/memo\\\/#breadcrumb\"},\"inLanguage\":\"es\",\"potentialAction\":[{\"@type\":\"ReadAction\",\"target\":[\"https:\\\/\\\/altermedianetwork.com\\\/index.php\\\/memo\\\/\"]}]},{\"@type\":\"ImageObject\",\"inLanguage\":\"es\",\"@id\":\"https:\\\/\\\/altermedianetwork.com\\\/index.php\\\/memo\\\/#primaryimage\",\"url\":\"http:\\\/\\\/altermedianetwork.com\\\/wp-content\\\/uploads\\\/2021\\\/12\\\/SMem.jpg\",\"contentUrl\":\"http:\\\/\\\/altermedianetwork.com\\\/wp-content\\\/uploads\\\/2021\\\/12\\\/SMem.jpg\"},{\"@type\":\"BreadcrumbList\",\"@id\":\"https:\\\/\\\/altermedianetwork.com\\\/index.php\\\/memo\\\/#breadcrumb\",\"itemListElement\":[{\"@type\":\"ListItem\",\"position\":1,\"name\":\"Inicio\",\"item\":\"https:\\\/\\\/altermedianetwork.com\\\/\"},{\"@type\":\"ListItem\",\"position\":2,\"name\":\"Memo\"}]},{\"@type\":\"WebSite\",\"@id\":\"https:\\\/\\\/altermedianetwork.com\\\/#website\",\"url\":\"https:\\\/\\\/altermedianetwork.com\\\/\",\"name\":\"Home\",\"description\":\"\",\"publisher\":{\"@id\":\"https:\\\/\\\/altermedianetwork.com\\\/#organization\"},\"potentialAction\":[{\"@type\":\"SearchAction\",\"target\":{\"@type\":\"EntryPoint\",\"urlTemplate\":\"https:\\\/\\\/altermedianetwork.com\\\/?s={search_term_string}\"},\"query-input\":{\"@type\":\"PropertyValueSpecification\",\"valueRequired\":true,\"valueName\":\"search_term_string\"}}],\"inLanguage\":\"es\"},{\"@type\":\"Organization\",\"@id\":\"https:\\\/\\\/altermedianetwork.com\\\/#organization\",\"name\":\"Home\",\"url\":\"https:\\\/\\\/altermedianetwork.com\\\/\",\"logo\":{\"@type\":\"ImageObject\",\"inLanguage\":\"es\",\"@id\":\"https:\\\/\\\/altermedianetwork.com\\\/#\\\/schema\\\/logo\\\/image\\\/\",\"url\":\"https:\\\/\\\/altermedianetwork.com\\\/wp-content\\\/uploads\\\/2020\\\/05\\\/cropped-AMNCOM.png\",\"contentUrl\":\"https:\\\/\\\/altermedianetwork.com\\\/wp-content\\\/uploads\\\/2020\\\/05\\\/cropped-AMNCOM.png\",\"width\":653,\"height\":122,\"caption\":\"Home\"},\"image\":{\"@id\":\"https:\\\/\\\/altermedianetwork.com\\\/#\\\/schema\\\/logo\\\/image\\\/\"}}]}<\/script>\n<!-- \/ Yoast SEO plugin. -->","yoast_head_json":{"title":"Memo - Home","robots":{"index":"index","follow":"follow","max-snippet":"max-snippet:-1","max-image-preview":"max-image-preview:large","max-video-preview":"max-video-preview:-1"},"canonical":"https:\/\/altermedianetwork.com\/index.php\/memo\/","og_locale":"es_MX","og_type":"article","og_title":"Memo - Home","og_description":"#CreaTVT #SomosRyR #MemoDominguez #AltermediaNetwork Felizmente casado con dos hijos. VICIOS: \u00a1Familia, M\u00fasica\u2026 y hacer Radio!!! CREENCIAS: Dios es superchido\u2026 nada m\u00e1s. CCH Naucalpan CECATI 108: Especialidad Producci\u00f3n de Radio y Tv Locuci\u00f3n, Doblaje, Guion, Edici\u00f3n, C\u00e1mara de Tv. LOS REALIZADORES: Lenguaje cinematogr\u00e1fico, Direcci\u00f3n de Actores, Cortometraje.Director Gral. de Crea TVT y B\u00edblico Tv. Si es&hellip;&nbsp;Leer m\u00e1s &raquo;Memo","og_url":"https:\/\/altermedianetwork.com\/index.php\/memo\/","og_site_name":"Home","article_modified_time":"2021-12-04T10:18:08+00:00","og_image":[{"url":"http:\/\/altermedianetwork.com\/wp-content\/uploads\/2021\/12\/SMem.jpg","type":"","width":"","height":""}],"twitter_card":"summary_large_image","twitter_misc":{"Tiempo de lectura":"1 minuto"},"schema":{"@context":"https:\/\/schema.org","@graph":[{"@type":"WebPage","@id":"https:\/\/altermedianetwork.com\/index.php\/memo\/","url":"https:\/\/altermedianetwork.com\/index.php\/memo\/","name":"Memo - Home","isPartOf":{"@id":"https:\/\/altermedianetwork.com\/#website"},"primaryImageOfPage":{"@id":"https:\/\/altermedianetwork.com\/index.php\/memo\/#primaryimage"},"image":{"@id":"https:\/\/altermedianetwork.com\/index.php\/memo\/#primaryimage"},"thumbnailUrl":"http:\/\/altermedianetwork.com\/wp-content\/uploads\/2021\/12\/SMem.jpg","datePublished":"2021-12-02T09:50:54+00:00","dateModified":"2021-12-04T10:18:08+00:00","breadcrumb":{"@id":"https:\/\/altermedianetwork.com\/index.php\/memo\/#breadcrumb"},"inLanguage":"es","potentialAction":[{"@type":"ReadAction","target":["https:\/\/altermedianetwork.com\/index.php\/memo\/"]}]},{"@type":"ImageObject","inLanguage":"es","@id":"https:\/\/altermedianetwork.com\/index.php\/memo\/#primaryimage","url":"http:\/\/altermedianetwork.com\/wp-content\/uploads\/2021\/12\/SMem.jpg","contentUrl":"http:\/\/altermedianetwork.com\/wp-content\/uploads\/2021\/12\/SMem.jpg"},{"@type":"BreadcrumbList","@id":"https:\/\/altermedianetwork.com\/index.php\/memo\/#breadcrumb","itemListElement":[{"@type":"ListItem","position":1,"name":"Inicio","item":"https:\/\/altermedianetwork.com\/"},{"@type":"ListItem","position":2,"name":"Memo"}]},{"@type":"WebSite","@id":"https:\/\/altermedianetwork.com\/#website","url":"https:\/\/altermedianetwork.com\/","name":"Home","description":"","publisher":{"@id":"https:\/\/altermedianetwork.com\/#organization"},"potentialAction":[{"@type":"SearchAction","target":{"@type":"EntryPoint","urlTemplate":"https:\/\/altermedianetwork.com\/?s={search_term_string}"},"query-input":{"@type":"PropertyValueSpecification","valueRequired":true,"valueName":"search_term_string"}}],"inLanguage":"es"},{"@type":"Organization","@id":"https:\/\/altermedianetwork.com\/#organization","name":"Home","url":"https:\/\/altermedianetwork.com\/","logo":{"@type":"ImageObject","inLanguage":"es","@id":"https:\/\/altermedianetwork.com\/#\/schema\/logo\/image\/","url":"https:\/\/altermedianetwork.com\/wp-content\/uploads\/2020\/05\/cropped-AMNCOM.png","contentUrl":"https:\/\/altermedianetwork.com\/wp-content\/uploads\/2020\/05\/cropped-AMNCOM.png","width":653,"height":122,"caption":"Home"},"image":{"@id":"https:\/\/altermedianetwork.com\/#\/schema\/logo\/image\/"}}]}},"_links":{"self":[{"href":"https:\/\/altermedianetwork.com\/index.php\/wp-json\/wp\/v2\/pages\/1182","targetHints":{"allow":["GET"]}}],"collection":[{"href":"https:\/\/altermedianetwork.com\/index.php\/wp-json\/wp\/v2\/pages"}],"about":[{"href":"https:\/\/altermedianetwork.com\/index.php\/wp-json\/wp\/v2\/types\/page"}],"author":[{"embeddable":true,"href":"https:\/\/altermedianetwork.com\/index.php\/wp-json\/wp\/v2\/users\/2"}],"replies":[{"embeddable":true,"href":"https:\/\/altermedianetwork.com\/index.php\/wp-json\/wp\/v2\/comments?post=1182"}],"version-history":[{"count":3,"href":"https:\/\/altermedianetwork.com\/index.php\/wp-json\/wp\/v2\/pages\/1182\/revisions"}],"predecessor-version":[{"id":1239,"href":"https:\/\/altermedianetwork.com\/index.php\/wp-json\/wp\/v2\/pages\/1182\/revisions\/1239"}],"wp:attachment":[{"href":"https:\/\/altermedianetwork.com\/index.php\/wp-json\/wp\/v2\/media?parent=1182"}],"curies":[{"name":"wp","href":"https:\/\/api.w.org\/{rel}","templated":true}]}}