{"id":1415,"date":"2022-08-19T09:40:20","date_gmt":"2022-08-19T09:40:20","guid":{"rendered":"http:\/\/altermedianetwork.com\/?page_id=1415"},"modified":"2023-09-30T10:46:53","modified_gmt":"2023-09-30T10:46:53","slug":"jedah-bulletin","status":"publish","type":"page","link":"https:\/\/altermedianetwork.com\/index.php\/jedah-bulletin\/","title":{"rendered":"Jedah bulletin"},"content":{"rendered":"\n<figure class=\"wp-block-image alignwide size-large\"><img loading=\"lazy\" decoding=\"async\" width=\"1024\" height=\"387\" src=\"http:\/\/altermedianetwork.com\/wp-content\/uploads\/2023\/09\/PD-1-1024x387.jpeg\" alt=\"\" class=\"wp-image-1672\" srcset=\"https:\/\/altermedianetwork.com\/wp-content\/uploads\/2023\/09\/PD-1-1024x387.jpeg 1024w, https:\/\/altermedianetwork.com\/wp-content\/uploads\/2023\/09\/PD-1-300x113.jpeg 300w, https:\/\/altermedianetwork.com\/wp-content\/uploads\/2023\/09\/PD-1-768x290.jpeg 768w, https:\/\/altermedianetwork.com\/wp-content\/uploads\/2023\/09\/PD-1.jpeg 1120w\" sizes=\"auto, (max-width: 1024px) 100vw, 1024px\" \/><\/figure>\n\n\n\n<p class=\"has-text-align-center has-nv-c-1-color has-text-color\"><strong>#Altermedia #Podcast #JedhaBulletin #AltermediaNetwork<\/strong><\/p>\n\n\n\n<hr class=\"wp-block-separator has-text-color has-nv-c-1-color has-css-opacity has-nv-c-1-background-color has-background alignfull\"\/>\n\n\n\n<p>\u00a1Hola fans de la cultura geek!<br>Bienvenidos a JEDAH BULLETIN un podcast donde hablaremos de cine, c\u00f3mics, series, videojuegos, novelas y todo lo que tiene que ver con la subcultura Geek!<\/p>\n\n\n\n<p><\/p>\n\n\n<div class=\"wp-block-image\">\n<figure class=\"alignleft size-large is-resized\"><img loading=\"lazy\" decoding=\"async\" src=\"http:\/\/altermedianetwork.com\/wp-content\/uploads\/2022\/07\/Est-1024x424.png\" alt=\"\" class=\"wp-image-1404\" width=\"116\" height=\"48\" srcset=\"https:\/\/altermedianetwork.com\/wp-content\/uploads\/2022\/07\/Est-1024x424.png 1024w, https:\/\/altermedianetwork.com\/wp-content\/uploads\/2022\/07\/Est-300x124.png 300w, https:\/\/altermedianetwork.com\/wp-content\/uploads\/2022\/07\/Est-768x318.png 768w, https:\/\/altermedianetwork.com\/wp-content\/uploads\/2022\/07\/Est-1536x636.png 1536w, https:\/\/altermedianetwork.com\/wp-content\/uploads\/2022\/07\/Est-2048x848.png 2048w\" sizes=\"auto, (max-width: 116px) 100vw, 116px\" \/><\/figure>\n<\/div>\n\n\n<iframe loading=\"lazy\" width=\"100%\" height=\"60\" src=\"https:\/\/www.mixcloud.com\/widget\/iframe\/?hide_cover=1&#038;mini=1&#038;feed=%2FAltermediaNetwork%2F18-spiderverse-the-flash-muy-favorable-dc-m%C3%A9xico-en-silencio-4-fant%C3%A1sticos-cast-y-m%C3%A1s%2F\" frameborder=\"0\" ><\/iframe>\n\n\n\n<iframe loading=\"lazy\" width=\"100%\" height=\"60\" src=\"https:\/\/www.mixcloud.com\/widget\/iframe\/?hide_cover=1&#038;mini=1&#038;feed=%2FAltermediaNetwork%2F17-despedida-a-los-guardianes-del-agalaxiahabemus-superman-sony-y-su-doblaje-en-m%C3%A9xico-y-m%C3%A1s%2F\" frameborder=\"0\" ><\/iframe>\n\n\n\n<iframe loading=\"lazy\" width=\"100%\" height=\"60\" src=\"https:\/\/www.mixcloud.com\/widget\/iframe\/?hide_cover=1&amp;mini=1&amp;feed=%2FAltermediaNetwork%2F216-mandalorian-final-kangcelado-superman-al-cine-gogvol-3-batomibile-y-m%C3%A1s%2F\" frameborder=\"0\"><\/iframe>\n\n\n\n<iframe loading=\"lazy\" width=\"100%\" height=\"60\" src=\"https:\/\/www.mixcloud.com\/widget\/iframe\/?hide_cover=1&amp;mini=1&amp;feed=%2FAltermediaNetwork%2F15-mandalorian-7-camino-al-final-super-mario-en-pol%C3%A9mica-zelda-scott-pilgrim-the-marvel-y-m%C3%A1s%2F\" frameborder=\"0\"><\/iframe>\n\n\n\n<iframe loading=\"lazy\" width=\"100%\" height=\"60\" src=\"https:\/\/www.mixcloud.com\/widget\/iframe\/?hide_cover=1&amp;mini=1&amp;feed=%2FAltermediaNetwork%2F214-mandalorian-6-super-mario-bros-bad-bacth-secret-invasion-star-wars-ashoka-y-m%C3%A1s%2F\" frameborder=\"0\"><\/iframe>\n\n\n\n<iframe loading=\"lazy\" width=\"100%\" height=\"60\" src=\"https:\/\/www.mixcloud.com\/widget\/iframe\/?hide_cover=1&amp;mini=1&amp;feed=%2FAltermediaNetwork%2F213-mandalorian-5-april-fools-sinegrtita-vs-morenieves-jonathan-majors-bye-y-m%C3%A1s%2F\" frameborder=\"0\"><\/iframe>\n\n\n\n<iframe loading=\"lazy\" width=\"100%\" height=\"60\" src=\"https:\/\/www.mixcloud.com\/widget\/iframe\/?hide_cover=1&amp;mini=1&amp;feed=%2FAltermediaNetwork%2F212-mandalorian-4-volver-al-futuro-regresa-nueva-trilogia-de-star-wars-chabelo-dep-y-m%C3%A1s%2F\" frameborder=\"0\"><\/iframe>\n\n\n\n<iframe loading=\"lazy\" width=\"100%\" height=\"60\" src=\"https:\/\/www.mixcloud.com\/widget\/iframe\/?hide_cover=1&amp;mini=1&amp;feed=%2FAltermediaNetwork%2F211-shazam-2-opini%C3%B3n-con-spoilers-the-mandalorian-e3-batffleck-vs-gunn-y-m%C3%A1s%2F\" frameborder=\"0\"><\/iframe>\n\n\n\n<iframe loading=\"lazy\" width=\"100%\" height=\"60\" src=\"https:\/\/www.mixcloud.com\/widget\/iframe\/?hide_cover=1&amp;mini=1&amp;feed=%2FAltermediaNetwork%2F210-the-mandalorian-ep-2-razzie-ucm-se-la-piensa-y-m%C3%A1s%2F\" frameborder=\"0\"><\/iframe>\n\n\n\n<iframe loading=\"lazy\" width=\"100%\" height=\"60\" src=\"https:\/\/www.mixcloud.com\/widget\/iframe\/?hide_cover=1&amp;mini=1&amp;feed=%2FAltermediaNetwork%2F209-the-mandalorian-3-dc-studios-abre-calendario-anime-y-m%C3%A1s%2F\" frameborder=\"0\"><\/iframe>\n\n\n\n<hr class=\"wp-block-separator aligncenter has-alpha-channel-opacity\"\/>\n\n\n\n<p class=\"has-text-align-center has-small-font-size\">TAMBI\u00c9N PUEDES ESCUCHARLO AQUI EN LA OPCI\u00d3N \u201cREPRODUCIR EN EL NAVEGADOR\u201d<\/p>\n\n\n\n<iframe src=\"https:\/\/www.ivoox.com\/player_es_podcast_1627918_zp_1.html?c1=5d0404\" width=\"100%\" height=\"400\" frameborder=\"0\" allowfullscreen=\"\" scrolling=\"no\" loading=\"lazy\"><\/iframe>\n\n\n<div class=\"wp-block-image\">\n<figure class=\"aligncenter size-large is-resized\"><a href=\"https:\/\/altermedianetwork.com\/index.php\/podcast\/\"><img loading=\"lazy\" decoding=\"async\" src=\"http:\/\/altermedianetwork.com\/wp-content\/uploads\/2022\/07\/Bakpod-1024x223.png\" alt=\"\" class=\"wp-image-1405\" width=\"198\" height=\"42\" srcset=\"https:\/\/altermedianetwork.com\/wp-content\/uploads\/2022\/07\/Bakpod-1024x223.png 1024w, https:\/\/altermedianetwork.com\/wp-content\/uploads\/2022\/07\/Bakpod-300x65.png 300w, https:\/\/altermedianetwork.com\/wp-content\/uploads\/2022\/07\/Bakpod-768x167.png 768w, https:\/\/altermedianetwork.com\/wp-content\/uploads\/2022\/07\/Bakpod-1536x334.png 1536w, https:\/\/altermedianetwork.com\/wp-content\/uploads\/2022\/07\/Bakpod-2048x446.png 2048w\" sizes=\"auto, (max-width: 198px) 100vw, 198px\" \/><\/a><\/figure>\n<\/div>\n\n<div class=\"wp-block-image\">\n<figure class=\"aligncenter size-large is-resized\"><a href=\"https:\/\/podcasts.google.com\/feed\/aHR0cHM6Ly93d3cuaXZvb3guY29tL3BvZGNhc3QtamVkaGEtYnVsbGV0aW5fZmdfZjExNjI3OTE4X2ZpbHRyb18xLnhtbA?ep=14\" target=\"_blank\" rel=\"noopener\"><img loading=\"lazy\" decoding=\"async\" src=\"http:\/\/altermedianetwork.com\/wp-content\/uploads\/2022\/08\/gp-1024x263.png\" alt=\"\" class=\"wp-image-1431\" width=\"227\" height=\"58\" srcset=\"https:\/\/altermedianetwork.com\/wp-content\/uploads\/2022\/08\/gp-1024x263.png 1024w, https:\/\/altermedianetwork.com\/wp-content\/uploads\/2022\/08\/gp-300x77.png 300w, https:\/\/altermedianetwork.com\/wp-content\/uploads\/2022\/08\/gp-768x197.png 768w, https:\/\/altermedianetwork.com\/wp-content\/uploads\/2022\/08\/gp.png 1050w\" sizes=\"auto, (max-width: 227px) 100vw, 227px\" \/><\/a><\/figure>\n<\/div>","protected":false},"excerpt":{"rendered":"<p>#Altermedia #Podcast #JedhaBulletin #AltermediaNetwork \u00a1Hola fans de la cultura geek!Bienvenidos a JEDAH BULLETIN un podcast donde hablaremos de cine, c\u00f3mics, series, videojuegos, novelas y todo lo que tiene que ver con la subcultura Geek! TAMBI\u00c9N PUEDES ESCUCHARLO AQUI EN LA OPCI\u00d3N \u201cREPRODUCIR EN EL NAVEGADOR\u201d<\/p>\n","protected":false},"author":2,"featured_media":0,"parent":0,"menu_order":0,"comment_status":"closed","ping_status":"closed","template":"","meta":{"neve_meta_sidebar":"","neve_meta_container":"","neve_meta_enable_content_width":"","neve_meta_content_width":0,"neve_meta_title_alignment":"","neve_meta_author_avatar":"","neve_post_elements_order":"","neve_meta_disable_header":"","neve_meta_disable_footer":"","neve_meta_disable_title":"","footnotes":""},"class_list":["post-1415","page","type-page","status-publish","hentry"],"yoast_head":"<!-- This site is optimized with the Yoast SEO plugin v27.4 - https:\/\/yoast.com\/product\/yoast-seo-wordpress\/ -->\n<title>Jedah bulletin - Home<\/title>\n<meta name=\"robots\" content=\"index, follow, max-snippet:-1, max-image-preview:large, max-video-preview:-1\" \/>\n<link rel=\"canonical\" href=\"https:\/\/altermedianetwork.com\/index.php\/jedah-bulletin\/\" \/>\n<meta property=\"og:locale\" content=\"es_MX\" \/>\n<meta property=\"og:type\" content=\"article\" \/>\n<meta property=\"og:title\" content=\"Jedah bulletin - Home\" \/>\n<meta property=\"og:description\" content=\"#Altermedia #Podcast #JedhaBulletin #AltermediaNetwork \u00a1Hola fans de la cultura geek!Bienvenidos a JEDAH BULLETIN un podcast donde hablaremos de cine, c\u00f3mics, series, videojuegos, novelas y todo lo que tiene que ver con la subcultura Geek! TAMBI\u00c9N PUEDES ESCUCHARLO AQUI EN LA OPCI\u00d3N \u201cREPRODUCIR EN EL NAVEGADOR\u201d\" \/>\n<meta property=\"og:url\" content=\"https:\/\/altermedianetwork.com\/index.php\/jedah-bulletin\/\" \/>\n<meta property=\"og:site_name\" content=\"Home\" \/>\n<meta property=\"article:modified_time\" content=\"2023-09-30T10:46:53+00:00\" \/>\n<meta property=\"og:image\" content=\"http:\/\/altermedianetwork.com\/wp-content\/uploads\/2023\/09\/PD-1-1024x387.jpeg\" \/>\n<meta name=\"twitter:card\" content=\"summary_large_image\" \/>\n<meta name=\"twitter:label1\" content=\"Tiempo de lectura\" \/>\n\t<meta name=\"twitter:data1\" content=\"2 minutos\" \/>\n<script type=\"application\/ld+json\" class=\"yoast-schema-graph\">{\"@context\":\"https:\\\/\\\/schema.org\",\"@graph\":[{\"@type\":\"WebPage\",\"@id\":\"https:\\\/\\\/altermedianetwork.com\\\/index.php\\\/jedah-bulletin\\\/\",\"url\":\"https:\\\/\\\/altermedianetwork.com\\\/index.php\\\/jedah-bulletin\\\/\",\"name\":\"Jedah bulletin - Home\",\"isPartOf\":{\"@id\":\"https:\\\/\\\/altermedianetwork.com\\\/#website\"},\"primaryImageOfPage\":{\"@id\":\"https:\\\/\\\/altermedianetwork.com\\\/index.php\\\/jedah-bulletin\\\/#primaryimage\"},\"image\":{\"@id\":\"https:\\\/\\\/altermedianetwork.com\\\/index.php\\\/jedah-bulletin\\\/#primaryimage\"},\"thumbnailUrl\":\"http:\\\/\\\/altermedianetwork.com\\\/wp-content\\\/uploads\\\/2023\\\/09\\\/PD-1-1024x387.jpeg\",\"datePublished\":\"2022-08-19T09:40:20+00:00\",\"dateModified\":\"2023-09-30T10:46:53+00:00\",\"breadcrumb\":{\"@id\":\"https:\\\/\\\/altermedianetwork.com\\\/index.php\\\/jedah-bulletin\\\/#breadcrumb\"},\"inLanguage\":\"es\",\"potentialAction\":[{\"@type\":\"ReadAction\",\"target\":[\"https:\\\/\\\/altermedianetwork.com\\\/index.php\\\/jedah-bulletin\\\/\"]}]},{\"@type\":\"ImageObject\",\"inLanguage\":\"es\",\"@id\":\"https:\\\/\\\/altermedianetwork.com\\\/index.php\\\/jedah-bulletin\\\/#primaryimage\",\"url\":\"http:\\\/\\\/altermedianetwork.com\\\/wp-content\\\/uploads\\\/2023\\\/09\\\/PD-1-1024x387.jpeg\",\"contentUrl\":\"http:\\\/\\\/altermedianetwork.com\\\/wp-content\\\/uploads\\\/2023\\\/09\\\/PD-1-1024x387.jpeg\"},{\"@type\":\"BreadcrumbList\",\"@id\":\"https:\\\/\\\/altermedianetwork.com\\\/index.php\\\/jedah-bulletin\\\/#breadcrumb\",\"itemListElement\":[{\"@type\":\"ListItem\",\"position\":1,\"name\":\"Inicio\",\"item\":\"https:\\\/\\\/altermedianetwork.com\\\/\"},{\"@type\":\"ListItem\",\"position\":2,\"name\":\"Jedah bulletin\"}]},{\"@type\":\"WebSite\",\"@id\":\"https:\\\/\\\/altermedianetwork.com\\\/#website\",\"url\":\"https:\\\/\\\/altermedianetwork.com\\\/\",\"name\":\"Home\",\"description\":\"\",\"publisher\":{\"@id\":\"https:\\\/\\\/altermedianetwork.com\\\/#organization\"},\"potentialAction\":[{\"@type\":\"SearchAction\",\"target\":{\"@type\":\"EntryPoint\",\"urlTemplate\":\"https:\\\/\\\/altermedianetwork.com\\\/?s={search_term_string}\"},\"query-input\":{\"@type\":\"PropertyValueSpecification\",\"valueRequired\":true,\"valueName\":\"search_term_string\"}}],\"inLanguage\":\"es\"},{\"@type\":\"Organization\",\"@id\":\"https:\\\/\\\/altermedianetwork.com\\\/#organization\",\"name\":\"Home\",\"url\":\"https:\\\/\\\/altermedianetwork.com\\\/\",\"logo\":{\"@type\":\"ImageObject\",\"inLanguage\":\"es\",\"@id\":\"https:\\\/\\\/altermedianetwork.com\\\/#\\\/schema\\\/logo\\\/image\\\/\",\"url\":\"https:\\\/\\\/altermedianetwork.com\\\/wp-content\\\/uploads\\\/2020\\\/05\\\/cropped-AMNCOM.png\",\"contentUrl\":\"https:\\\/\\\/altermedianetwork.com\\\/wp-content\\\/uploads\\\/2020\\\/05\\\/cropped-AMNCOM.png\",\"width\":653,\"height\":122,\"caption\":\"Home\"},\"image\":{\"@id\":\"https:\\\/\\\/altermedianetwork.com\\\/#\\\/schema\\\/logo\\\/image\\\/\"}}]}<\/script>\n<!-- \/ Yoast SEO plugin. -->","yoast_head_json":{"title":"Jedah bulletin - Home","robots":{"index":"index","follow":"follow","max-snippet":"max-snippet:-1","max-image-preview":"max-image-preview:large","max-video-preview":"max-video-preview:-1"},"canonical":"https:\/\/altermedianetwork.com\/index.php\/jedah-bulletin\/","og_locale":"es_MX","og_type":"article","og_title":"Jedah bulletin - Home","og_description":"#Altermedia #Podcast #JedhaBulletin #AltermediaNetwork \u00a1Hola fans de la cultura geek!Bienvenidos a JEDAH BULLETIN un podcast donde hablaremos de cine, c\u00f3mics, series, videojuegos, novelas y todo lo que tiene que ver con la subcultura Geek! TAMBI\u00c9N PUEDES ESCUCHARLO AQUI EN LA OPCI\u00d3N \u201cREPRODUCIR EN EL NAVEGADOR\u201d","og_url":"https:\/\/altermedianetwork.com\/index.php\/jedah-bulletin\/","og_site_name":"Home","article_modified_time":"2023-09-30T10:46:53+00:00","og_image":[{"url":"http:\/\/altermedianetwork.com\/wp-content\/uploads\/2023\/09\/PD-1-1024x387.jpeg","type":"","width":"","height":""}],"twitter_card":"summary_large_image","twitter_misc":{"Tiempo de lectura":"2 minutos"},"schema":{"@context":"https:\/\/schema.org","@graph":[{"@type":"WebPage","@id":"https:\/\/altermedianetwork.com\/index.php\/jedah-bulletin\/","url":"https:\/\/altermedianetwork.com\/index.php\/jedah-bulletin\/","name":"Jedah bulletin - Home","isPartOf":{"@id":"https:\/\/altermedianetwork.com\/#website"},"primaryImageOfPage":{"@id":"https:\/\/altermedianetwork.com\/index.php\/jedah-bulletin\/#primaryimage"},"image":{"@id":"https:\/\/altermedianetwork.com\/index.php\/jedah-bulletin\/#primaryimage"},"thumbnailUrl":"http:\/\/altermedianetwork.com\/wp-content\/uploads\/2023\/09\/PD-1-1024x387.jpeg","datePublished":"2022-08-19T09:40:20+00:00","dateModified":"2023-09-30T10:46:53+00:00","breadcrumb":{"@id":"https:\/\/altermedianetwork.com\/index.php\/jedah-bulletin\/#breadcrumb"},"inLanguage":"es","potentialAction":[{"@type":"ReadAction","target":["https:\/\/altermedianetwork.com\/index.php\/jedah-bulletin\/"]}]},{"@type":"ImageObject","inLanguage":"es","@id":"https:\/\/altermedianetwork.com\/index.php\/jedah-bulletin\/#primaryimage","url":"http:\/\/altermedianetwork.com\/wp-content\/uploads\/2023\/09\/PD-1-1024x387.jpeg","contentUrl":"http:\/\/altermedianetwork.com\/wp-content\/uploads\/2023\/09\/PD-1-1024x387.jpeg"},{"@type":"BreadcrumbList","@id":"https:\/\/altermedianetwork.com\/index.php\/jedah-bulletin\/#breadcrumb","itemListElement":[{"@type":"ListItem","position":1,"name":"Inicio","item":"https:\/\/altermedianetwork.com\/"},{"@type":"ListItem","position":2,"name":"Jedah bulletin"}]},{"@type":"WebSite","@id":"https:\/\/altermedianetwork.com\/#website","url":"https:\/\/altermedianetwork.com\/","name":"Home","description":"","publisher":{"@id":"https:\/\/altermedianetwork.com\/#organization"},"potentialAction":[{"@type":"SearchAction","target":{"@type":"EntryPoint","urlTemplate":"https:\/\/altermedianetwork.com\/?s={search_term_string}"},"query-input":{"@type":"PropertyValueSpecification","valueRequired":true,"valueName":"search_term_string"}}],"inLanguage":"es"},{"@type":"Organization","@id":"https:\/\/altermedianetwork.com\/#organization","name":"Home","url":"https:\/\/altermedianetwork.com\/","logo":{"@type":"ImageObject","inLanguage":"es","@id":"https:\/\/altermedianetwork.com\/#\/schema\/logo\/image\/","url":"https:\/\/altermedianetwork.com\/wp-content\/uploads\/2020\/05\/cropped-AMNCOM.png","contentUrl":"https:\/\/altermedianetwork.com\/wp-content\/uploads\/2020\/05\/cropped-AMNCOM.png","width":653,"height":122,"caption":"Home"},"image":{"@id":"https:\/\/altermedianetwork.com\/#\/schema\/logo\/image\/"}}]}},"_links":{"self":[{"href":"https:\/\/altermedianetwork.com\/index.php\/wp-json\/wp\/v2\/pages\/1415","targetHints":{"allow":["GET"]}}],"collection":[{"href":"https:\/\/altermedianetwork.com\/index.php\/wp-json\/wp\/v2\/pages"}],"about":[{"href":"https:\/\/altermedianetwork.com\/index.php\/wp-json\/wp\/v2\/types\/page"}],"author":[{"embeddable":true,"href":"https:\/\/altermedianetwork.com\/index.php\/wp-json\/wp\/v2\/users\/2"}],"replies":[{"embeddable":true,"href":"https:\/\/altermedianetwork.com\/index.php\/wp-json\/wp\/v2\/comments?post=1415"}],"version-history":[{"count":40,"href":"https:\/\/altermedianetwork.com\/index.php\/wp-json\/wp\/v2\/pages\/1415\/revisions"}],"predecessor-version":[{"id":1734,"href":"https:\/\/altermedianetwork.com\/index.php\/wp-json\/wp\/v2\/pages\/1415\/revisions\/1734"}],"wp:attachment":[{"href":"https:\/\/altermedianetwork.com\/index.php\/wp-json\/wp\/v2\/media?parent=1415"}],"curies":[{"name":"wp","href":"https:\/\/api.w.org\/{rel}","templated":true}]}}