{"id":1461,"date":"2022-11-04T09:15:15","date_gmt":"2022-11-04T09:15:15","guid":{"rendered":"http:\/\/altermedianetwork.com\/?page_id=1461"},"modified":"2022-11-04T09:15:16","modified_gmt":"2022-11-04T09:15:16","slug":"musitopiarr","status":"publish","type":"page","link":"https:\/\/altermedianetwork.com\/index.php\/musitopiarr\/","title":{"rendered":"Musitopia en R&#038;R"},"content":{"rendered":"\n<p class=\"has-text-align-center\" style=\"font-size:23px\"><strong>Las canciones que escuchaste en Musitopia est\u00e1n en listas de reproducci\u00f3n de tus plataformas digitales favoritas!<\/strong><\/p>\n\n\n\n<p class=\"has-text-align-center\"><strong>Playlist de buena m\u00fasica para escuchar en cualquier momento del d\u00eda, s\u00f3lo elige la plataforma de tu preferencia.<\/strong><\/p>\n\n\n<style type=\"text\/css\">\n#foogallery-gallery-1465 .fg-image { width: 375px; }\n#foogallery-gallery-1465 { --fg-gutter: 10px; }<\/style>\n\t\t\t<div class=\"foogallery foogallery-container foogallery-default foogallery-lightbox-none fg-center fg-default fg-ready fg-light fg-border-thin fg-round-medium fg-shadow-outline fg-loading-default fg-loaded-fade-in\" id=\"foogallery-gallery-1465\" data-foogallery=\"{&quot;item&quot;:{&quot;showCaptionTitle&quot;:false,&quot;showCaptionDescription&quot;:true},&quot;lazy&quot;:true}\" style=\"--fg-title-line-clamp: 0; --fg-description-line-clamp: 0;\" >\n\t<div class=\"fg-item fg-type-iframe fg-idle\"><figure class=\"fg-item-inner\"><a href=\"https:\/\/open.spotify.com\/playlist\/7o5FaD1C0sPJnz3CmNcfTd?si=6d6dad36963d4035\" data-attachment-id=\"1466\" data-type=\"iframe\" class=\"fg-thumb\"><span class=\"fg-image-wrap\"><img fetchpriority=\"high\" decoding=\"async\" width=\"375\" height=\"150\" class=\"skip-lazy fg-image\" data-src-fg=\"https:\/\/altermedianetwork.com\/wp-content\/uploads\/cache\/2022\/11\/1_orig-9-scaled\/478412073.jpeg\" src=\"data:image\/svg+xml,%3Csvg%20xmlns%3D%22http%3A%2F%2Fwww.w3.org%2F2000%2Fsvg%22%20width%3D%22375%22%20height%3D%22150%22%20viewBox%3D%220%200%20375%20150%22%3E%3C%2Fsvg%3E\" loading=\"eager\"><\/span><span class=\"fg-image-overlay\"><\/span><\/a><\/figure><div class=\"fg-loader\"><\/div><\/div><div class=\"fg-item fg-type-iframe fg-idle\"><figure class=\"fg-item-inner\"><a href=\"https:\/\/music.youtube.com\/playlist?list=PLz_2WTAqfiOYAmbujBE0HKAd_pxCYNCfj&amp;feature=share\" data-attachment-id=\"1469\" data-type=\"iframe\" class=\"fg-thumb\"><span class=\"fg-image-wrap\"><img decoding=\"async\" width=\"375\" height=\"150\" class=\"skip-lazy fg-image\" data-src-fg=\"https:\/\/altermedianetwork.com\/wp-content\/uploads\/cache\/2022\/11\/1_orig-6-scaled\/758892527.jpeg\" src=\"data:image\/svg+xml,%3Csvg%20xmlns%3D%22http%3A%2F%2Fwww.w3.org%2F2000%2Fsvg%22%20width%3D%22375%22%20height%3D%22150%22%20viewBox%3D%220%200%20375%20150%22%3E%3C%2Fsvg%3E\" loading=\"eager\"><\/span><span class=\"fg-image-overlay\"><\/span><\/a><\/figure><div class=\"fg-loader\"><\/div><\/div><div class=\"fg-item fg-type-iframe fg-idle\"><figure class=\"fg-item-inner\"><a href=\"https:\/\/music.apple.com\/mx\/playlist\/musitopia-programa-de-rock-radio-de-altermedianetwork-com\/pl.u-XkD0vBrC28kozWg?l=en\" data-attachment-id=\"1467\" data-type=\"iframe\" class=\"fg-thumb\"><span class=\"fg-image-wrap\"><img decoding=\"async\" width=\"375\" height=\"150\" class=\"skip-lazy fg-image\" data-src-fg=\"https:\/\/altermedianetwork.com\/wp-content\/uploads\/cache\/2022\/11\/1_orig-8-scaled\/1030289712.jpeg\" src=\"data:image\/svg+xml,%3Csvg%20xmlns%3D%22http%3A%2F%2Fwww.w3.org%2F2000%2Fsvg%22%20width%3D%22375%22%20height%3D%22150%22%20viewBox%3D%220%200%20375%20150%22%3E%3C%2Fsvg%3E\" loading=\"eager\"><\/span><span class=\"fg-image-overlay\"><\/span><\/a><\/figure><div class=\"fg-loader\"><\/div><\/div><div class=\"fg-item fg-type-iframe fg-idle\"><figure class=\"fg-item-inner\"><a href=\"https:\/\/youtube.com\/playlist?list=PLz_2WTAqfiOYAmbujBE0HKAd_pxCYNCfj\" data-attachment-id=\"1468\" data-type=\"iframe\" class=\"fg-thumb\"><span class=\"fg-image-wrap\"><img decoding=\"async\" width=\"375\" height=\"150\" class=\"skip-lazy fg-image\" data-src-fg=\"https:\/\/altermedianetwork.com\/wp-content\/uploads\/cache\/2022\/11\/1_orig-7-scaled\/215008246.jpeg\" src=\"data:image\/svg+xml,%3Csvg%20xmlns%3D%22http%3A%2F%2Fwww.w3.org%2F2000%2Fsvg%22%20width%3D%22375%22%20height%3D%22150%22%20viewBox%3D%220%200%20375%20150%22%3E%3C%2Fsvg%3E\" loading=\"eager\"><\/span><span class=\"fg-image-overlay\"><\/span><\/a><\/figure><div class=\"fg-loader\"><\/div><\/div><\/div>\n\n\n\n<hr class=\"wp-block-separator has-alpha-channel-opacity\"\/>\n\n\n\n<p class=\"has-text-align-center\"><strong>Musitopia con Marcorrosion en vivo, todos los mi\u00e9rcoles en punto de las 9 PM (MEX) por Rock &amp; Radio en altermedianetwork.com<\/strong><\/p>\n","protected":false},"excerpt":{"rendered":"<p>Las canciones que escuchaste en Musitopia est\u00e1n en listas de reproducci\u00f3n de tus plataformas digitales favoritas! Playlist de buena m\u00fasica para escuchar en cualquier momento del d\u00eda, s\u00f3lo elige la plataforma de tu preferencia. Musitopia con Marcorrosion en vivo, todos los mi\u00e9rcoles en punto de las 9 PM (MEX) por Rock &amp; Radio en altermedianetwork.com<\/p>\n","protected":false},"author":2,"featured_media":1463,"parent":0,"menu_order":0,"comment_status":"closed","ping_status":"closed","template":"","meta":{"neve_meta_sidebar":"","neve_meta_container":"","neve_meta_enable_content_width":"","neve_meta_content_width":0,"neve_meta_title_alignment":"","neve_meta_author_avatar":"","neve_post_elements_order":"","neve_meta_disable_header":"","neve_meta_disable_footer":"","neve_meta_disable_title":"","footnotes":""},"class_list":["post-1461","page","type-page","status-publish","has-post-thumbnail","hentry"],"yoast_head":"<!-- This site is optimized with the Yoast SEO plugin v27.4 - https:\/\/yoast.com\/product\/yoast-seo-wordpress\/ -->\n<title>Musitopia en R&amp;R - Home<\/title>\n<meta name=\"robots\" content=\"index, follow, max-snippet:-1, max-image-preview:large, max-video-preview:-1\" \/>\n<link rel=\"canonical\" href=\"https:\/\/altermedianetwork.com\/index.php\/musitopiarr\/\" \/>\n<meta property=\"og:locale\" content=\"es_MX\" \/>\n<meta property=\"og:type\" content=\"article\" \/>\n<meta property=\"og:title\" content=\"Musitopia en R&amp;R - Home\" \/>\n<meta property=\"og:description\" content=\"Las canciones que escuchaste en Musitopia est\u00e1n en listas de reproducci\u00f3n de tus plataformas digitales favoritas! Playlist de buena m\u00fasica para escuchar en cualquier momento del d\u00eda, s\u00f3lo elige la plataforma de tu preferencia. Musitopia con Marcorrosion en vivo, todos los mi\u00e9rcoles en punto de las 9 PM (MEX) por Rock &amp; Radio en altermedianetwork.com\" \/>\n<meta property=\"og:url\" content=\"https:\/\/altermedianetwork.com\/index.php\/musitopiarr\/\" \/>\n<meta property=\"og:site_name\" content=\"Home\" \/>\n<meta property=\"article:modified_time\" content=\"2022-11-04T09:15:16+00:00\" \/>\n<meta property=\"og:image\" content=\"https:\/\/altermedianetwork.com\/wp-content\/uploads\/2022\/11\/1_orig-3-scaled.jpeg\" \/>\n\t<meta property=\"og:image:width\" content=\"2560\" \/>\n\t<meta property=\"og:image:height\" content=\"1344\" \/>\n\t<meta property=\"og:image:type\" content=\"image\/jpeg\" \/>\n<meta name=\"twitter:card\" content=\"summary_large_image\" \/>\n<meta name=\"twitter:label1\" content=\"Tiempo de lectura\" \/>\n\t<meta name=\"twitter:data1\" content=\"1 minuto\" \/>\n<script type=\"application\/ld+json\" class=\"yoast-schema-graph\">{\"@context\":\"https:\\\/\\\/schema.org\",\"@graph\":[{\"@type\":\"WebPage\",\"@id\":\"https:\\\/\\\/altermedianetwork.com\\\/index.php\\\/musitopiarr\\\/\",\"url\":\"https:\\\/\\\/altermedianetwork.com\\\/index.php\\\/musitopiarr\\\/\",\"name\":\"Musitopia en R&R - Home\",\"isPartOf\":{\"@id\":\"https:\\\/\\\/altermedianetwork.com\\\/#website\"},\"primaryImageOfPage\":{\"@id\":\"https:\\\/\\\/altermedianetwork.com\\\/index.php\\\/musitopiarr\\\/#primaryimage\"},\"image\":{\"@id\":\"https:\\\/\\\/altermedianetwork.com\\\/index.php\\\/musitopiarr\\\/#primaryimage\"},\"thumbnailUrl\":\"https:\\\/\\\/altermedianetwork.com\\\/wp-content\\\/uploads\\\/2022\\\/11\\\/1_orig-3-scaled.jpeg\",\"datePublished\":\"2022-11-04T09:15:15+00:00\",\"dateModified\":\"2022-11-04T09:15:16+00:00\",\"breadcrumb\":{\"@id\":\"https:\\\/\\\/altermedianetwork.com\\\/index.php\\\/musitopiarr\\\/#breadcrumb\"},\"inLanguage\":\"es\",\"potentialAction\":[{\"@type\":\"ReadAction\",\"target\":[\"https:\\\/\\\/altermedianetwork.com\\\/index.php\\\/musitopiarr\\\/\"]}]},{\"@type\":\"ImageObject\",\"inLanguage\":\"es\",\"@id\":\"https:\\\/\\\/altermedianetwork.com\\\/index.php\\\/musitopiarr\\\/#primaryimage\",\"url\":\"https:\\\/\\\/altermedianetwork.com\\\/wp-content\\\/uploads\\\/2022\\\/11\\\/1_orig-3-scaled.jpeg\",\"contentUrl\":\"https:\\\/\\\/altermedianetwork.com\\\/wp-content\\\/uploads\\\/2022\\\/11\\\/1_orig-3-scaled.jpeg\",\"width\":2560,\"height\":1344},{\"@type\":\"BreadcrumbList\",\"@id\":\"https:\\\/\\\/altermedianetwork.com\\\/index.php\\\/musitopiarr\\\/#breadcrumb\",\"itemListElement\":[{\"@type\":\"ListItem\",\"position\":1,\"name\":\"Inicio\",\"item\":\"https:\\\/\\\/altermedianetwork.com\\\/\"},{\"@type\":\"ListItem\",\"position\":2,\"name\":\"Musitopia en R&#038;R\"}]},{\"@type\":\"WebSite\",\"@id\":\"https:\\\/\\\/altermedianetwork.com\\\/#website\",\"url\":\"https:\\\/\\\/altermedianetwork.com\\\/\",\"name\":\"Home\",\"description\":\"\",\"publisher\":{\"@id\":\"https:\\\/\\\/altermedianetwork.com\\\/#organization\"},\"potentialAction\":[{\"@type\":\"SearchAction\",\"target\":{\"@type\":\"EntryPoint\",\"urlTemplate\":\"https:\\\/\\\/altermedianetwork.com\\\/?s={search_term_string}\"},\"query-input\":{\"@type\":\"PropertyValueSpecification\",\"valueRequired\":true,\"valueName\":\"search_term_string\"}}],\"inLanguage\":\"es\"},{\"@type\":\"Organization\",\"@id\":\"https:\\\/\\\/altermedianetwork.com\\\/#organization\",\"name\":\"Home\",\"url\":\"https:\\\/\\\/altermedianetwork.com\\\/\",\"logo\":{\"@type\":\"ImageObject\",\"inLanguage\":\"es\",\"@id\":\"https:\\\/\\\/altermedianetwork.com\\\/#\\\/schema\\\/logo\\\/image\\\/\",\"url\":\"https:\\\/\\\/altermedianetwork.com\\\/wp-content\\\/uploads\\\/2020\\\/05\\\/cropped-AMNCOM.png\",\"contentUrl\":\"https:\\\/\\\/altermedianetwork.com\\\/wp-content\\\/uploads\\\/2020\\\/05\\\/cropped-AMNCOM.png\",\"width\":653,\"height\":122,\"caption\":\"Home\"},\"image\":{\"@id\":\"https:\\\/\\\/altermedianetwork.com\\\/#\\\/schema\\\/logo\\\/image\\\/\"}}]}<\/script>\n<!-- \/ Yoast SEO plugin. -->","yoast_head_json":{"title":"Musitopia en R&R - Home","robots":{"index":"index","follow":"follow","max-snippet":"max-snippet:-1","max-image-preview":"max-image-preview:large","max-video-preview":"max-video-preview:-1"},"canonical":"https:\/\/altermedianetwork.com\/index.php\/musitopiarr\/","og_locale":"es_MX","og_type":"article","og_title":"Musitopia en R&R - Home","og_description":"Las canciones que escuchaste en Musitopia est\u00e1n en listas de reproducci\u00f3n de tus plataformas digitales favoritas! Playlist de buena m\u00fasica para escuchar en cualquier momento del d\u00eda, s\u00f3lo elige la plataforma de tu preferencia. Musitopia con Marcorrosion en vivo, todos los mi\u00e9rcoles en punto de las 9 PM (MEX) por Rock &amp; Radio en altermedianetwork.com","og_url":"https:\/\/altermedianetwork.com\/index.php\/musitopiarr\/","og_site_name":"Home","article_modified_time":"2022-11-04T09:15:16+00:00","og_image":[{"width":2560,"height":1344,"url":"https:\/\/altermedianetwork.com\/wp-content\/uploads\/2022\/11\/1_orig-3-scaled.jpeg","type":"image\/jpeg"}],"twitter_card":"summary_large_image","twitter_misc":{"Tiempo de lectura":"1 minuto"},"schema":{"@context":"https:\/\/schema.org","@graph":[{"@type":"WebPage","@id":"https:\/\/altermedianetwork.com\/index.php\/musitopiarr\/","url":"https:\/\/altermedianetwork.com\/index.php\/musitopiarr\/","name":"Musitopia en R&R - Home","isPartOf":{"@id":"https:\/\/altermedianetwork.com\/#website"},"primaryImageOfPage":{"@id":"https:\/\/altermedianetwork.com\/index.php\/musitopiarr\/#primaryimage"},"image":{"@id":"https:\/\/altermedianetwork.com\/index.php\/musitopiarr\/#primaryimage"},"thumbnailUrl":"https:\/\/altermedianetwork.com\/wp-content\/uploads\/2022\/11\/1_orig-3-scaled.jpeg","datePublished":"2022-11-04T09:15:15+00:00","dateModified":"2022-11-04T09:15:16+00:00","breadcrumb":{"@id":"https:\/\/altermedianetwork.com\/index.php\/musitopiarr\/#breadcrumb"},"inLanguage":"es","potentialAction":[{"@type":"ReadAction","target":["https:\/\/altermedianetwork.com\/index.php\/musitopiarr\/"]}]},{"@type":"ImageObject","inLanguage":"es","@id":"https:\/\/altermedianetwork.com\/index.php\/musitopiarr\/#primaryimage","url":"https:\/\/altermedianetwork.com\/wp-content\/uploads\/2022\/11\/1_orig-3-scaled.jpeg","contentUrl":"https:\/\/altermedianetwork.com\/wp-content\/uploads\/2022\/11\/1_orig-3-scaled.jpeg","width":2560,"height":1344},{"@type":"BreadcrumbList","@id":"https:\/\/altermedianetwork.com\/index.php\/musitopiarr\/#breadcrumb","itemListElement":[{"@type":"ListItem","position":1,"name":"Inicio","item":"https:\/\/altermedianetwork.com\/"},{"@type":"ListItem","position":2,"name":"Musitopia en R&#038;R"}]},{"@type":"WebSite","@id":"https:\/\/altermedianetwork.com\/#website","url":"https:\/\/altermedianetwork.com\/","name":"Home","description":"","publisher":{"@id":"https:\/\/altermedianetwork.com\/#organization"},"potentialAction":[{"@type":"SearchAction","target":{"@type":"EntryPoint","urlTemplate":"https:\/\/altermedianetwork.com\/?s={search_term_string}"},"query-input":{"@type":"PropertyValueSpecification","valueRequired":true,"valueName":"search_term_string"}}],"inLanguage":"es"},{"@type":"Organization","@id":"https:\/\/altermedianetwork.com\/#organization","name":"Home","url":"https:\/\/altermedianetwork.com\/","logo":{"@type":"ImageObject","inLanguage":"es","@id":"https:\/\/altermedianetwork.com\/#\/schema\/logo\/image\/","url":"https:\/\/altermedianetwork.com\/wp-content\/uploads\/2020\/05\/cropped-AMNCOM.png","contentUrl":"https:\/\/altermedianetwork.com\/wp-content\/uploads\/2020\/05\/cropped-AMNCOM.png","width":653,"height":122,"caption":"Home"},"image":{"@id":"https:\/\/altermedianetwork.com\/#\/schema\/logo\/image\/"}}]}},"_links":{"self":[{"href":"https:\/\/altermedianetwork.com\/index.php\/wp-json\/wp\/v2\/pages\/1461","targetHints":{"allow":["GET"]}}],"collection":[{"href":"https:\/\/altermedianetwork.com\/index.php\/wp-json\/wp\/v2\/pages"}],"about":[{"href":"https:\/\/altermedianetwork.com\/index.php\/wp-json\/wp\/v2\/types\/page"}],"author":[{"embeddable":true,"href":"https:\/\/altermedianetwork.com\/index.php\/wp-json\/wp\/v2\/users\/2"}],"replies":[{"embeddable":true,"href":"https:\/\/altermedianetwork.com\/index.php\/wp-json\/wp\/v2\/comments?post=1461"}],"version-history":[{"count":6,"href":"https:\/\/altermedianetwork.com\/index.php\/wp-json\/wp\/v2\/pages\/1461\/revisions"}],"predecessor-version":[{"id":1473,"href":"https:\/\/altermedianetwork.com\/index.php\/wp-json\/wp\/v2\/pages\/1461\/revisions\/1473"}],"wp:featuredmedia":[{"embeddable":true,"href":"https:\/\/altermedianetwork.com\/index.php\/wp-json\/wp\/v2\/media\/1463"}],"wp:attachment":[{"href":"https:\/\/altermedianetwork.com\/index.php\/wp-json\/wp\/v2\/media?parent=1461"}],"curies":[{"name":"wp","href":"https:\/\/api.w.org\/{rel}","templated":true}]}}