{"id":338,"date":"2020-12-31T11:27:29","date_gmt":"2020-12-31T11:27:29","guid":{"rendered":"http:\/\/altermedianetwork.com\/?page_id=338"},"modified":"2021-01-06T05:12:56","modified_gmt":"2021-01-06T05:12:56","slug":"ringtones","status":"publish","type":"page","link":"https:\/\/altermedianetwork.com\/index.php\/ringtones\/","title":{"rendered":"RINGTONES"},"content":{"rendered":"\n<p class=\"has-text-color has-text-align-center has-white-color\">Aqu\u00ed podr\u00e1s descargar tonos originales para tu smartphone con temas desde m\u00fasica hasta ciencia ficci\u00f3n totalmente GRATIS!<br>S\u00f3lo toca los 3 puntos verticales para descargar<\/p>\n\n\n\n<div class=\"wp-block-columns is-layout-flex wp-container-core-columns-is-layout-9d6595d7 wp-block-columns-is-layout-flex\">\n<div class=\"wp-block-column is-layout-flow wp-block-column-is-layout-flow\">\n<figure class=\"wp-block-audio\"><audio controls src=\"http:\/\/altermedianetwork.com\/wp-content\/uploads\/2020\/12\/James-Hetfield-Es-tu-esposa-Contesta-el-telefono.mp3\"><\/audio><figcaption><strong>El mismo James Hetfield te avisa cuando llama tu esposa!<\/strong><\/figcaption><\/figure>\n<\/div>\n\n\n\n<div class=\"wp-block-column is-layout-flow wp-block-column-is-layout-flow\">\n<figure class=\"wp-block-audio\"><audio controls src=\"http:\/\/altermedianetwork.com\/wp-content\/uploads\/2020\/12\/Lars-Ulrich-Oye-nena-contesta.mp3\"><\/audio><figcaption><strong>Alguna chica podr\u00e1 atender el llamado de Lars Ulrich?<\/strong><\/figcaption><\/figure>\n<\/div>\n<\/div>\n\n\n\n<div class=\"wp-block-columns is-layout-flex wp-container-core-columns-is-layout-9d6595d7 wp-block-columns-is-layout-flex\">\n<div class=\"wp-block-column is-layout-flow wp-block-column-is-layout-flow\">\n<figure class=\"wp-block-audio\"><audio controls src=\"http:\/\/altermedianetwork.com\/wp-content\/uploads\/2020\/12\/James-Hetfield-Tu-telefono-suena.mp3\"><\/audio><figcaption><strong>De nuevo James Hetfield te avisa cuando suena el telefono!<\/strong><\/figcaption><\/figure>\n\n\n\n<figure class=\"wp-block-audio\"><audio controls src=\"http:\/\/altermedianetwork.com\/wp-content\/uploads\/2020\/12\/Green-Day-Simpsons-Ringtone.mp3\"><\/audio><figcaption><strong>Geen Day toca el tema de los Simpsons para ti!<\/strong><\/figcaption><\/figure>\n\n\n\n<figure class=\"wp-block-audio\"><audio controls src=\"http:\/\/altermedianetwork.com\/wp-content\/uploads\/2020\/12\/Prau-Prau-Ringtone.mp3\"><\/audio><figcaption><strong>Ya sea Alex Lora o Brozo<\/strong> <strong>el Prau Prau no se le niega a nadie!<\/strong><\/figcaption><\/figure>\n\n\n\n<figure class=\"wp-block-audio\"><audio controls src=\"http:\/\/altermedianetwork.com\/wp-content\/uploads\/2020\/12\/Darth-Vader-Ringtone.mp3\"><\/audio><figcaption><strong>Para esas llamadas estresantes Darth Vader!<\/strong><\/figcaption><\/figure>\n\n\n\n<figure class=\"wp-block-audio\"><audio controls src=\"http:\/\/altermedianetwork.com\/wp-content\/uploads\/2020\/12\/007-Ringtone.mp3\"><\/audio><figcaption><strong>Llamada para el agente 007<\/strong><\/figcaption><\/figure>\n\n\n\n<figure class=\"wp-block-audio\"><audio controls src=\"http:\/\/altermedianetwork.com\/wp-content\/uploads\/2020\/12\/Halo-Ringtone.mp3\"><\/audio><figcaption><strong>Con este tono Master Chief contesta<\/strong><\/figcaption><\/figure>\n\n\n\n<figure class=\"wp-block-audio\"><audio controls src=\"http:\/\/altermedianetwork.com\/wp-content\/uploads\/2020\/12\/Optimus-Prime-ringtone.mp3\"><\/audio><figcaption><strong>Optimus Prime detectando una llamada<\/strong><\/figcaption><\/figure>\n\n\n\n<figure class=\"wp-block-audio\"><audio controls src=\"http:\/\/altermedianetwork.com\/wp-content\/uploads\/2020\/12\/Led-Zeppelin-Mensajes.mp3\"><\/audio><figcaption><strong>Notificaci\u00f3n a la  Led Zeppelin<\/strong><\/figcaption><\/figure>\n\n\n\n<figure class=\"wp-block-audio\"><audio controls src=\"http:\/\/altermedianetwork.com\/wp-content\/uploads\/2020\/12\/Mision-Imposible-Mensajes.mp3\"><\/audio><figcaption><strong>Una notificaci\u00f3n IMPOSIBLE!<\/strong><\/figcaption><\/figure>\n\n\n\n<figure class=\"wp-block-audio\"><audio controls src=\"http:\/\/altermedianetwork.com\/wp-content\/uploads\/2020\/12\/Super-Mario-Mensajes.mp3\"><\/audio><figcaption><strong>Notificaci\u00f3n a la Mario!<\/strong><\/figcaption><\/figure>\n\n\n\n<figure class=\"wp-block-audio\"><audio controls src=\"http:\/\/altermedianetwork.com\/wp-content\/uploads\/2020\/12\/Tienes-Nuevo-Mensaje.mp3\"><\/audio><figcaption><strong>Hey tienes un nuevo mensaje!<\/strong><\/figcaption><\/figure>\n\n\n\n<figure class=\"wp-block-audio\"><audio controls src=\"http:\/\/altermedianetwork.com\/wp-content\/uploads\/2020\/12\/Nuevo-Correo-2.mp3\"><\/audio><figcaption><strong>Tienes nuevo Correo V2.<\/strong><\/figcaption><\/figure>\n\n\n\n<p><\/p>\n<\/div>\n\n\n\n<div class=\"wp-block-column is-layout-flow wp-block-column-is-layout-flow\">\n<figure class=\"wp-block-audio\"><audio controls src=\"http:\/\/altermedianetwork.com\/wp-content\/uploads\/2020\/12\/Ozzy-Ringtone.mp3\"><\/audio><figcaption><strong>Alguien puede contestar el tel\u00e9fono? Ozzy se volver\u00e1 loco!<\/strong><\/figcaption><\/figure>\n\n\n\n<figure class=\"wp-block-audio\"><audio controls src=\"http:\/\/altermedianetwork.com\/wp-content\/uploads\/2020\/12\/Led-Zeppelin-Ringtone.mp3\"><\/audio><figcaption><strong>Que mejor que Led Zeppelin sonando<\/strong><\/figcaption><\/figure>\n\n\n\n<figure class=\"wp-block-audio\"><audio controls src=\"http:\/\/altermedianetwork.com\/wp-content\/uploads\/2020\/12\/Yoda-Ringtone.mp3\"><\/audio><figcaption><strong>El maestro Yoda te pide que uses la fuerza&#8230; y contestes!<\/strong><\/figcaption><\/figure>\n\n\n\n<figure class=\"wp-block-audio\"><audio controls src=\"http:\/\/altermedianetwork.com\/wp-content\/uploads\/2020\/12\/Golum-Ringtone.mp3\"><\/audio><figcaption><strong>Para Gollum las llamadas son PRECIOSAS<\/strong><\/figcaption><\/figure>\n\n\n\n<figure class=\"wp-block-audio\"><audio controls src=\"http:\/\/altermedianetwork.com\/wp-content\/uploads\/2020\/12\/Homero-S-Ringtone.mp3\"><\/audio><figcaption><strong>Homero te avisa si tienes se\u00f1al!<\/strong><\/figcaption><\/figure>\n\n\n\n<figure class=\"wp-block-audio\"><audio controls src=\"http:\/\/altermedianetwork.com\/wp-content\/uploads\/2020\/12\/Llamada_Directitita-Ringtone.mp3\"><\/audio><figcaption><strong>Y para los amantes del Futbol&#8230;<\/strong><\/figcaption><\/figure>\n\n\n\n<figure class=\"wp-block-audio\"><audio controls src=\"http:\/\/altermedianetwork.com\/wp-content\/uploads\/2020\/12\/Nokia-alegre-Ringtone.mp3\"><\/audio><figcaption><strong>Un conocido timbre en un ritmo alegre!<\/strong><\/figcaption><\/figure>\n\n\n\n<figure class=\"wp-block-audio\"><audio controls src=\"http:\/\/altermedianetwork.com\/wp-content\/uploads\/2020\/12\/Metallica-Mensajes.mp3\"><\/audio><figcaption><strong>Notificaciones rudas con Metallica<\/strong><\/figcaption><\/figure>\n\n\n\n<figure class=\"wp-block-audio\"><audio controls src=\"http:\/\/altermedianetwork.com\/wp-content\/uploads\/2020\/12\/R2D2-Mensajes.mp3\"><\/audio><figcaption><strong>R2D2 codifica tus notificaciones<\/strong><\/figcaption><\/figure>\n\n\n\n<figure class=\"wp-block-audio\"><audio controls src=\"http:\/\/altermedianetwork.com\/wp-content\/uploads\/2020\/12\/Mensajes-basura.mp3\"><\/audio><figcaption><strong>Para esos mensajes basura&#8230;<\/strong><\/figcaption><\/figure>\n\n\n\n<figure class=\"wp-block-audio\"><audio controls src=\"http:\/\/altermedianetwork.com\/wp-content\/uploads\/2020\/12\/Nuevo-Correo.mp3\"><\/audio><figcaption><strong>Tienes nuevo correo!<\/strong><\/figcaption><\/figure>\n\n\n\n<p><\/p>\n<\/div>\n<\/div>\n\n\n\n<div class=\"wp-block-buttons is-layout-flex wp-block-buttons-is-layout-flex\">\n<div class=\"wp-block-button\"><a class=\"wp-block-button__link has-background has-midnight-gradient-background\" href=\"http:\/\/altermedianetwork.com\/index.php\/descargas\/\"><strong>REGRESAR<\/strong><\/a><\/div>\n<\/div>\n","protected":false},"excerpt":{"rendered":"<p>Aqu\u00ed podr\u00e1s descargar tonos originales para tu smartphone con temas desde m\u00fasica hasta ciencia ficci\u00f3n totalmente GRATIS!S\u00f3lo toca los 3 puntos verticales para descargar<\/p>\n","protected":false},"author":2,"featured_media":0,"parent":0,"menu_order":0,"comment_status":"closed","ping_status":"closed","template":"","meta":{"neve_meta_sidebar":"","neve_meta_container":"","neve_meta_enable_content_width":"","neve_meta_content_width":0,"neve_meta_title_alignment":"","neve_meta_author_avatar":"","neve_post_elements_order":"","neve_meta_disable_header":"","neve_meta_disable_footer":"","neve_meta_disable_title":"","footnotes":""},"class_list":["post-338","page","type-page","status-publish","hentry"],"yoast_head":"<!-- This site is optimized with the Yoast SEO plugin v27.4 - https:\/\/yoast.com\/product\/yoast-seo-wordpress\/ -->\n<title>RINGTONES - Home<\/title>\n<meta name=\"robots\" content=\"index, follow, max-snippet:-1, max-image-preview:large, max-video-preview:-1\" \/>\n<link rel=\"canonical\" href=\"https:\/\/altermedianetwork.com\/index.php\/ringtones\/\" \/>\n<meta property=\"og:locale\" content=\"es_MX\" \/>\n<meta property=\"og:type\" content=\"article\" \/>\n<meta property=\"og:title\" content=\"RINGTONES - Home\" \/>\n<meta property=\"og:description\" content=\"Aqu\u00ed podr\u00e1s descargar tonos originales para tu smartphone con temas desde m\u00fasica hasta ciencia ficci\u00f3n totalmente GRATIS!S\u00f3lo toca los 3 puntos verticales para descargar\" \/>\n<meta property=\"og:url\" content=\"https:\/\/altermedianetwork.com\/index.php\/ringtones\/\" \/>\n<meta property=\"og:site_name\" content=\"Home\" \/>\n<meta property=\"article:modified_time\" content=\"2021-01-06T05:12:56+00:00\" \/>\n<meta name=\"twitter:card\" content=\"summary_large_image\" \/>\n<meta name=\"twitter:label1\" content=\"Tiempo de lectura\" \/>\n\t<meta name=\"twitter:data1\" content=\"1 minuto\" \/>\n<script type=\"application\/ld+json\" class=\"yoast-schema-graph\">{\"@context\":\"https:\\\/\\\/schema.org\",\"@graph\":[{\"@type\":\"WebPage\",\"@id\":\"https:\\\/\\\/altermedianetwork.com\\\/index.php\\\/ringtones\\\/\",\"url\":\"https:\\\/\\\/altermedianetwork.com\\\/index.php\\\/ringtones\\\/\",\"name\":\"RINGTONES - Home\",\"isPartOf\":{\"@id\":\"https:\\\/\\\/altermedianetwork.com\\\/#website\"},\"datePublished\":\"2020-12-31T11:27:29+00:00\",\"dateModified\":\"2021-01-06T05:12:56+00:00\",\"breadcrumb\":{\"@id\":\"https:\\\/\\\/altermedianetwork.com\\\/index.php\\\/ringtones\\\/#breadcrumb\"},\"inLanguage\":\"es\",\"potentialAction\":[{\"@type\":\"ReadAction\",\"target\":[\"https:\\\/\\\/altermedianetwork.com\\\/index.php\\\/ringtones\\\/\"]}]},{\"@type\":\"BreadcrumbList\",\"@id\":\"https:\\\/\\\/altermedianetwork.com\\\/index.php\\\/ringtones\\\/#breadcrumb\",\"itemListElement\":[{\"@type\":\"ListItem\",\"position\":1,\"name\":\"Inicio\",\"item\":\"https:\\\/\\\/altermedianetwork.com\\\/\"},{\"@type\":\"ListItem\",\"position\":2,\"name\":\"RINGTONES\"}]},{\"@type\":\"WebSite\",\"@id\":\"https:\\\/\\\/altermedianetwork.com\\\/#website\",\"url\":\"https:\\\/\\\/altermedianetwork.com\\\/\",\"name\":\"Home\",\"description\":\"\",\"publisher\":{\"@id\":\"https:\\\/\\\/altermedianetwork.com\\\/#organization\"},\"potentialAction\":[{\"@type\":\"SearchAction\",\"target\":{\"@type\":\"EntryPoint\",\"urlTemplate\":\"https:\\\/\\\/altermedianetwork.com\\\/?s={search_term_string}\"},\"query-input\":{\"@type\":\"PropertyValueSpecification\",\"valueRequired\":true,\"valueName\":\"search_term_string\"}}],\"inLanguage\":\"es\"},{\"@type\":\"Organization\",\"@id\":\"https:\\\/\\\/altermedianetwork.com\\\/#organization\",\"name\":\"Home\",\"url\":\"https:\\\/\\\/altermedianetwork.com\\\/\",\"logo\":{\"@type\":\"ImageObject\",\"inLanguage\":\"es\",\"@id\":\"https:\\\/\\\/altermedianetwork.com\\\/#\\\/schema\\\/logo\\\/image\\\/\",\"url\":\"https:\\\/\\\/altermedianetwork.com\\\/wp-content\\\/uploads\\\/2020\\\/05\\\/cropped-AMNCOM.png\",\"contentUrl\":\"https:\\\/\\\/altermedianetwork.com\\\/wp-content\\\/uploads\\\/2020\\\/05\\\/cropped-AMNCOM.png\",\"width\":653,\"height\":122,\"caption\":\"Home\"},\"image\":{\"@id\":\"https:\\\/\\\/altermedianetwork.com\\\/#\\\/schema\\\/logo\\\/image\\\/\"}}]}<\/script>\n<!-- \/ Yoast SEO plugin. -->","yoast_head_json":{"title":"RINGTONES - Home","robots":{"index":"index","follow":"follow","max-snippet":"max-snippet:-1","max-image-preview":"max-image-preview:large","max-video-preview":"max-video-preview:-1"},"canonical":"https:\/\/altermedianetwork.com\/index.php\/ringtones\/","og_locale":"es_MX","og_type":"article","og_title":"RINGTONES - Home","og_description":"Aqu\u00ed podr\u00e1s descargar tonos originales para tu smartphone con temas desde m\u00fasica hasta ciencia ficci\u00f3n totalmente GRATIS!S\u00f3lo toca los 3 puntos verticales para descargar","og_url":"https:\/\/altermedianetwork.com\/index.php\/ringtones\/","og_site_name":"Home","article_modified_time":"2021-01-06T05:12:56+00:00","twitter_card":"summary_large_image","twitter_misc":{"Tiempo de lectura":"1 minuto"},"schema":{"@context":"https:\/\/schema.org","@graph":[{"@type":"WebPage","@id":"https:\/\/altermedianetwork.com\/index.php\/ringtones\/","url":"https:\/\/altermedianetwork.com\/index.php\/ringtones\/","name":"RINGTONES - Home","isPartOf":{"@id":"https:\/\/altermedianetwork.com\/#website"},"datePublished":"2020-12-31T11:27:29+00:00","dateModified":"2021-01-06T05:12:56+00:00","breadcrumb":{"@id":"https:\/\/altermedianetwork.com\/index.php\/ringtones\/#breadcrumb"},"inLanguage":"es","potentialAction":[{"@type":"ReadAction","target":["https:\/\/altermedianetwork.com\/index.php\/ringtones\/"]}]},{"@type":"BreadcrumbList","@id":"https:\/\/altermedianetwork.com\/index.php\/ringtones\/#breadcrumb","itemListElement":[{"@type":"ListItem","position":1,"name":"Inicio","item":"https:\/\/altermedianetwork.com\/"},{"@type":"ListItem","position":2,"name":"RINGTONES"}]},{"@type":"WebSite","@id":"https:\/\/altermedianetwork.com\/#website","url":"https:\/\/altermedianetwork.com\/","name":"Home","description":"","publisher":{"@id":"https:\/\/altermedianetwork.com\/#organization"},"potentialAction":[{"@type":"SearchAction","target":{"@type":"EntryPoint","urlTemplate":"https:\/\/altermedianetwork.com\/?s={search_term_string}"},"query-input":{"@type":"PropertyValueSpecification","valueRequired":true,"valueName":"search_term_string"}}],"inLanguage":"es"},{"@type":"Organization","@id":"https:\/\/altermedianetwork.com\/#organization","name":"Home","url":"https:\/\/altermedianetwork.com\/","logo":{"@type":"ImageObject","inLanguage":"es","@id":"https:\/\/altermedianetwork.com\/#\/schema\/logo\/image\/","url":"https:\/\/altermedianetwork.com\/wp-content\/uploads\/2020\/05\/cropped-AMNCOM.png","contentUrl":"https:\/\/altermedianetwork.com\/wp-content\/uploads\/2020\/05\/cropped-AMNCOM.png","width":653,"height":122,"caption":"Home"},"image":{"@id":"https:\/\/altermedianetwork.com\/#\/schema\/logo\/image\/"}}]}},"_links":{"self":[{"href":"https:\/\/altermedianetwork.com\/index.php\/wp-json\/wp\/v2\/pages\/338","targetHints":{"allow":["GET"]}}],"collection":[{"href":"https:\/\/altermedianetwork.com\/index.php\/wp-json\/wp\/v2\/pages"}],"about":[{"href":"https:\/\/altermedianetwork.com\/index.php\/wp-json\/wp\/v2\/types\/page"}],"author":[{"embeddable":true,"href":"https:\/\/altermedianetwork.com\/index.php\/wp-json\/wp\/v2\/users\/2"}],"replies":[{"embeddable":true,"href":"https:\/\/altermedianetwork.com\/index.php\/wp-json\/wp\/v2\/comments?post=338"}],"version-history":[{"count":20,"href":"https:\/\/altermedianetwork.com\/index.php\/wp-json\/wp\/v2\/pages\/338\/revisions"}],"predecessor-version":[{"id":477,"href":"https:\/\/altermedianetwork.com\/index.php\/wp-json\/wp\/v2\/pages\/338\/revisions\/477"}],"wp:attachment":[{"href":"https:\/\/altermedianetwork.com\/index.php\/wp-json\/wp\/v2\/media?parent=338"}],"curies":[{"name":"wp","href":"https:\/\/api.w.org\/{rel}","templated":true}]}}