{"id":794,"date":"2021-11-26T08:42:49","date_gmt":"2021-11-26T08:42:49","guid":{"rendered":"http:\/\/altermedianetwork.com\/?page_id=794"},"modified":"2023-09-30T10:38:12","modified_gmt":"2023-09-30T10:38:12","slug":"creat-tvt","status":"publish","type":"page","link":"https:\/\/altermedianetwork.com\/index.php\/creat-tvt\/","title":{"rendered":"AMNCreattvt"},"content":{"rendered":"<div class=\"wp-block-image\">\n<figure class=\"aligncenter size-large is-resized\"><img loading=\"lazy\" decoding=\"async\" src=\"http:\/\/altermedianetwork.com\/wp-content\/uploads\/2021\/11\/PicsArt_11-24-04.53.23-1024x267.png\" alt=\"\" class=\"wp-image-795\" width=\"360\" height=\"93\" srcset=\"https:\/\/altermedianetwork.com\/wp-content\/uploads\/2021\/11\/PicsArt_11-24-04.53.23-1024x267.png 1024w, https:\/\/altermedianetwork.com\/wp-content\/uploads\/2021\/11\/PicsArt_11-24-04.53.23-300x78.png 300w, https:\/\/altermedianetwork.com\/wp-content\/uploads\/2021\/11\/PicsArt_11-24-04.53.23-768x200.png 768w, https:\/\/altermedianetwork.com\/wp-content\/uploads\/2021\/11\/PicsArt_11-24-04.53.23-1536x400.png 1536w, https:\/\/altermedianetwork.com\/wp-content\/uploads\/2021\/11\/PicsArt_11-24-04.53.23-2048x534.png 2048w\" sizes=\"auto, (max-width: 360px) 100vw, 360px\" \/><\/figure>\n<\/div>\n\n\n<p class=\"has-text-align-center has-small-font-size\">Crea TVT plataforma creada para fomentar, difundir, distribuir, crear,<br>producir y compartir todo tipo de arte, cultura, deporte e incluso pol\u00edtica.<br>Siempre con un fundamento sin complejos y sin imposiciones de ning\u00fan<br>tipo de ideolog\u00eda basada en las mentiras, creadas para sustituir la verdad y<br>la realidad distorsionando los valores humanos fundamentales como la<br>libertad de expresi\u00f3n individual.<br><br>Para la producci\u00f3n de todo tipo de eventos sociales y culturales:<br> <a href=\"mailto:subdtor.alternet@gmail.com\"><strong>subdtor.alternet@gmail.com<\/strong><\/a> contacto Crea TVT<br>Guillermo Dom\u00ednguez<br> Director Gral. Crea TVT<\/p>\n\n\n\n<p class=\"has-text-align-center has-nv-c-1-color has-text-color\"><strong>#CreaTVT #AltermediaNetwork<\/strong><\/p>\n\n\n\n<hr class=\"wp-block-separator has-css-opacity alignfull is-style-default\"\/>\n\n\n\n<div class=\"wp-block-columns is-layout-flex wp-container-core-columns-is-layout-9d6595d7 wp-block-columns-is-layout-flex\">\n<div class=\"wp-block-column is-layout-flow wp-block-column-is-layout-flow\">\n<iframe loading=\"lazy\" width=\"560\" height=\"315\" src=\"https:\/\/www.youtube.com\/embed\/D4lYBmCgyok\" title=\"YouTube video player\" frameborder=\"0\" allow=\"accelerometer; autoplay; clipboard-write; encrypted-media; gyroscope; picture-in-picture\" allowfullscreen=\"\"><\/iframe>\n<\/div>\n\n\n\n<div class=\"wp-block-column is-layout-flow wp-block-column-is-layout-flow\">\n<iframe loading=\"lazy\" width=\"560\" height=\"315\" src=\"https:\/\/www.youtube.com\/embed\/W49-h4PJDdg\" title=\"YouTube video player\" frameborder=\"0\" allow=\"accelerometer; autoplay; clipboard-write; encrypted-media; gyroscope; picture-in-picture\" allowfullscreen=\"\"><\/iframe>\n<\/div>\n<\/div>\n\n\n\n<div class=\"wp-block-columns is-layout-flex wp-container-core-columns-is-layout-9d6595d7 wp-block-columns-is-layout-flex\">\n<div class=\"wp-block-column is-layout-flow wp-block-column-is-layout-flow\">\n<iframe loading=\"lazy\" width=\"560\" height=\"315\" src=\"https:\/\/www.youtube.com\/embed\/A-WXbvM2s4Y\" title=\"YouTube video player\" frameborder=\"0\" allow=\"accelerometer; autoplay; clipboard-write; encrypted-media; gyroscope; picture-in-picture\" allowfullscreen=\"\"><\/iframe>\n<\/div>\n\n\n\n<div class=\"wp-block-column is-layout-flow wp-block-column-is-layout-flow\">\n<iframe loading=\"lazy\" width=\"560\" height=\"315\" src=\"https:\/\/www.youtube.com\/embed\/m3KhP4rN3xE\" title=\"YouTube video player\" frameborder=\"0\" allow=\"accelerometer; autoplay; clipboard-write; encrypted-media; gyroscope; picture-in-picture\" allowfullscreen=\"\"><\/iframe>\n<\/div>\n<\/div>\n\n\n\n<div class=\"wp-block-buttons is-horizontal is-content-justification-center is-layout-flex wp-container-core-buttons-is-layout-499968f5 wp-block-buttons-is-layout-flex\">\n<div class=\"wp-block-button is-style-primary\"><a class=\"wp-block-button__link wp-element-button\" href=\"https:\/\/www.youtube.com\/channel\/UC89r8FYUpeEVnhVbwokCccw\" target=\"_blank\" rel=\"noreferrer noopener\">M\u00e1s V\u00eddeos<\/a><\/div>\n<\/div>\n\n\n\n<hr class=\"wp-block-separator has-css-opacity alignfull is-style-default\"\/>\n\n\n\n<p><strong>Crea TVT Misi\u00f3n<\/strong><\/p>\n\n\n\n<ul class=\"wp-block-list\">\n<li>Fomentamos la libre expresi\u00f3n en el arte, la cultura y la opini\u00f3n p\u00fablica.<\/li>\n\n\n\n<li>Difundimos todas las expresiones art\u00edsticas que quieran darse a conocer<br>por nuestro medio. As\u00ed como reportes de ruedas de prensa del medio<br>art\u00edstico, cultural, deportivo y pol\u00edtico nacional e internacional.<\/li>\n\n\n\n<li>Distribuimos las mejores ideas art\u00edsticas y culturales que eleven la<br>dignidad humana, muy lejana de ideolog\u00edas extremistas.<\/li>\n\n\n\n<li>Creamos contenido: social, cultural y art\u00edstico para todos los gustos y<br>econom\u00edas. Entrevistas con los talentos y personalidades de todos los<br>\u00e1mbitos nacionales e internacionales.<\/li>\n\n\n\n<li>Producimos programas de tv, videoclips, cortometrajes y todo tipo de<br>expresi\u00f3n art\u00edstica.<\/li>\n\n\n\n<li>Compartimos nuestro contenido art\u00edstico, deportivo y cultural, en las<br>plataformas m\u00e1s conocidas en internet. Facebook (Meta), YouTube,<br>Instagram.<\/li>\n<\/ul>\n\n\n\n<div style = \"bottom: 0;display: flex;height: 78px;left: 0;position: fixed;right: 0;width: 100%;z-index: 1500;overflow: hidden;\" ><iframe loading=\"lazy\" name=\"contenedorPlayer\" class=\"cuadroBordeado\" allow=\"autoplay\" width=\"100%\" height=\"75px\" marginwidth=0 marginheight=0 hspace=0 vspace=0 frameborder=0 scrolling=no  src=\"http:\/\/cp.usastreams.com\/pr2g\/APPlayerRadioHTML5.aspx?stream=https:\/\/cdn4.onstream.audio\/proxy\/altermedia\/;&#038;fondo=05&#038;formato=mpeg&#038;color=3&#038;titulo=2&#038;autoStart=1&#038;vol=8&#038;tipo=201&#038;nombre=AHORA+EN+VIVO%3a&#038;botonPlay=2&#038;server=https:\/\/cdn4.onstream.audio\/proxy\/altermedia\/index.htmlCHUMILLASsid=1\"><\/iframe><\/div>\n","protected":false},"excerpt":{"rendered":"<p>Crea TVT plataforma creada para fomentar, difundir, distribuir, crear,producir y compartir todo tipo de arte, cultura, deporte e incluso pol\u00edtica.Siempre con un fundamento sin complejos y sin imposiciones de ning\u00fantipo de ideolog\u00eda basada en las mentiras, creadas para sustituir la verdad yla realidad distorsionando los valores humanos fundamentales como lalibertad de expresi\u00f3n individual. Para la&hellip;&nbsp;<a href=\"https:\/\/altermedianetwork.com\/index.php\/creat-tvt\/\" rel=\"bookmark\">Leer m\u00e1s &raquo;<span class=\"screen-reader-text\">AMNCreattvt<\/span><\/a><\/p>\n","protected":false},"author":2,"featured_media":0,"parent":0,"menu_order":0,"comment_status":"closed","ping_status":"closed","template":"","meta":{"neve_meta_sidebar":"","neve_meta_container":"","neve_meta_enable_content_width":"","neve_meta_content_width":0,"neve_meta_title_alignment":"","neve_meta_author_avatar":"","neve_post_elements_order":"","neve_meta_disable_header":"","neve_meta_disable_footer":"","neve_meta_disable_title":"on","footnotes":""},"class_list":["post-794","page","type-page","status-publish","hentry"],"yoast_head":"<!-- This site is optimized with the Yoast SEO plugin v27.4 - https:\/\/yoast.com\/product\/yoast-seo-wordpress\/ -->\n<title>AMNCreattvt - Home<\/title>\n<meta name=\"robots\" content=\"index, follow, max-snippet:-1, max-image-preview:large, max-video-preview:-1\" \/>\n<link rel=\"canonical\" href=\"https:\/\/altermedianetwork.com\/index.php\/creat-tvt\/\" \/>\n<meta property=\"og:locale\" content=\"es_MX\" \/>\n<meta property=\"og:type\" content=\"article\" \/>\n<meta property=\"og:title\" content=\"AMNCreattvt - Home\" \/>\n<meta property=\"og:description\" content=\"Crea TVT plataforma creada para fomentar, difundir, distribuir, crear,producir y compartir todo tipo de arte, cultura, deporte e incluso pol\u00edtica.Siempre con un fundamento sin complejos y sin imposiciones de ning\u00fantipo de ideolog\u00eda basada en las mentiras, creadas para sustituir la verdad yla realidad distorsionando los valores humanos fundamentales como lalibertad de expresi\u00f3n individual. Para la&hellip;&nbsp;Leer m\u00e1s &raquo;AMNCreattvt\" \/>\n<meta property=\"og:url\" content=\"https:\/\/altermedianetwork.com\/index.php\/creat-tvt\/\" \/>\n<meta property=\"og:site_name\" content=\"Home\" \/>\n<meta property=\"article:modified_time\" content=\"2023-09-30T10:38:12+00:00\" \/>\n<meta property=\"og:image\" content=\"http:\/\/altermedianetwork.com\/wp-content\/uploads\/2021\/11\/PicsArt_11-24-04.53.23-1024x267.png\" \/>\n<meta name=\"twitter:card\" content=\"summary_large_image\" \/>\n<meta name=\"twitter:label1\" content=\"Tiempo de lectura\" \/>\n\t<meta name=\"twitter:data1\" content=\"2 minutos\" \/>\n<script type=\"application\/ld+json\" class=\"yoast-schema-graph\">{\"@context\":\"https:\\\/\\\/schema.org\",\"@graph\":[{\"@type\":\"WebPage\",\"@id\":\"https:\\\/\\\/altermedianetwork.com\\\/index.php\\\/creat-tvt\\\/\",\"url\":\"https:\\\/\\\/altermedianetwork.com\\\/index.php\\\/creat-tvt\\\/\",\"name\":\"AMNCreattvt - Home\",\"isPartOf\":{\"@id\":\"https:\\\/\\\/altermedianetwork.com\\\/#website\"},\"primaryImageOfPage\":{\"@id\":\"https:\\\/\\\/altermedianetwork.com\\\/index.php\\\/creat-tvt\\\/#primaryimage\"},\"image\":{\"@id\":\"https:\\\/\\\/altermedianetwork.com\\\/index.php\\\/creat-tvt\\\/#primaryimage\"},\"thumbnailUrl\":\"http:\\\/\\\/altermedianetwork.com\\\/wp-content\\\/uploads\\\/2021\\\/11\\\/PicsArt_11-24-04.53.23-1024x267.png\",\"datePublished\":\"2021-11-26T08:42:49+00:00\",\"dateModified\":\"2023-09-30T10:38:12+00:00\",\"breadcrumb\":{\"@id\":\"https:\\\/\\\/altermedianetwork.com\\\/index.php\\\/creat-tvt\\\/#breadcrumb\"},\"inLanguage\":\"es\",\"potentialAction\":[{\"@type\":\"ReadAction\",\"target\":[\"https:\\\/\\\/altermedianetwork.com\\\/index.php\\\/creat-tvt\\\/\"]}]},{\"@type\":\"ImageObject\",\"inLanguage\":\"es\",\"@id\":\"https:\\\/\\\/altermedianetwork.com\\\/index.php\\\/creat-tvt\\\/#primaryimage\",\"url\":\"http:\\\/\\\/altermedianetwork.com\\\/wp-content\\\/uploads\\\/2021\\\/11\\\/PicsArt_11-24-04.53.23-1024x267.png\",\"contentUrl\":\"http:\\\/\\\/altermedianetwork.com\\\/wp-content\\\/uploads\\\/2021\\\/11\\\/PicsArt_11-24-04.53.23-1024x267.png\"},{\"@type\":\"BreadcrumbList\",\"@id\":\"https:\\\/\\\/altermedianetwork.com\\\/index.php\\\/creat-tvt\\\/#breadcrumb\",\"itemListElement\":[{\"@type\":\"ListItem\",\"position\":1,\"name\":\"Inicio\",\"item\":\"https:\\\/\\\/altermedianetwork.com\\\/\"},{\"@type\":\"ListItem\",\"position\":2,\"name\":\"AMNCreattvt\"}]},{\"@type\":\"WebSite\",\"@id\":\"https:\\\/\\\/altermedianetwork.com\\\/#website\",\"url\":\"https:\\\/\\\/altermedianetwork.com\\\/\",\"name\":\"Home\",\"description\":\"\",\"publisher\":{\"@id\":\"https:\\\/\\\/altermedianetwork.com\\\/#organization\"},\"potentialAction\":[{\"@type\":\"SearchAction\",\"target\":{\"@type\":\"EntryPoint\",\"urlTemplate\":\"https:\\\/\\\/altermedianetwork.com\\\/?s={search_term_string}\"},\"query-input\":{\"@type\":\"PropertyValueSpecification\",\"valueRequired\":true,\"valueName\":\"search_term_string\"}}],\"inLanguage\":\"es\"},{\"@type\":\"Organization\",\"@id\":\"https:\\\/\\\/altermedianetwork.com\\\/#organization\",\"name\":\"Home\",\"url\":\"https:\\\/\\\/altermedianetwork.com\\\/\",\"logo\":{\"@type\":\"ImageObject\",\"inLanguage\":\"es\",\"@id\":\"https:\\\/\\\/altermedianetwork.com\\\/#\\\/schema\\\/logo\\\/image\\\/\",\"url\":\"https:\\\/\\\/altermedianetwork.com\\\/wp-content\\\/uploads\\\/2020\\\/05\\\/cropped-AMNCOM.png\",\"contentUrl\":\"https:\\\/\\\/altermedianetwork.com\\\/wp-content\\\/uploads\\\/2020\\\/05\\\/cropped-AMNCOM.png\",\"width\":653,\"height\":122,\"caption\":\"Home\"},\"image\":{\"@id\":\"https:\\\/\\\/altermedianetwork.com\\\/#\\\/schema\\\/logo\\\/image\\\/\"}}]}<\/script>\n<!-- \/ Yoast SEO plugin. -->","yoast_head_json":{"title":"AMNCreattvt - Home","robots":{"index":"index","follow":"follow","max-snippet":"max-snippet:-1","max-image-preview":"max-image-preview:large","max-video-preview":"max-video-preview:-1"},"canonical":"https:\/\/altermedianetwork.com\/index.php\/creat-tvt\/","og_locale":"es_MX","og_type":"article","og_title":"AMNCreattvt - Home","og_description":"Crea TVT plataforma creada para fomentar, difundir, distribuir, crear,producir y compartir todo tipo de arte, cultura, deporte e incluso pol\u00edtica.Siempre con un fundamento sin complejos y sin imposiciones de ning\u00fantipo de ideolog\u00eda basada en las mentiras, creadas para sustituir la verdad yla realidad distorsionando los valores humanos fundamentales como lalibertad de expresi\u00f3n individual. Para la&hellip;&nbsp;Leer m\u00e1s &raquo;AMNCreattvt","og_url":"https:\/\/altermedianetwork.com\/index.php\/creat-tvt\/","og_site_name":"Home","article_modified_time":"2023-09-30T10:38:12+00:00","og_image":[{"url":"http:\/\/altermedianetwork.com\/wp-content\/uploads\/2021\/11\/PicsArt_11-24-04.53.23-1024x267.png","type":"","width":"","height":""}],"twitter_card":"summary_large_image","twitter_misc":{"Tiempo de lectura":"2 minutos"},"schema":{"@context":"https:\/\/schema.org","@graph":[{"@type":"WebPage","@id":"https:\/\/altermedianetwork.com\/index.php\/creat-tvt\/","url":"https:\/\/altermedianetwork.com\/index.php\/creat-tvt\/","name":"AMNCreattvt - Home","isPartOf":{"@id":"https:\/\/altermedianetwork.com\/#website"},"primaryImageOfPage":{"@id":"https:\/\/altermedianetwork.com\/index.php\/creat-tvt\/#primaryimage"},"image":{"@id":"https:\/\/altermedianetwork.com\/index.php\/creat-tvt\/#primaryimage"},"thumbnailUrl":"http:\/\/altermedianetwork.com\/wp-content\/uploads\/2021\/11\/PicsArt_11-24-04.53.23-1024x267.png","datePublished":"2021-11-26T08:42:49+00:00","dateModified":"2023-09-30T10:38:12+00:00","breadcrumb":{"@id":"https:\/\/altermedianetwork.com\/index.php\/creat-tvt\/#breadcrumb"},"inLanguage":"es","potentialAction":[{"@type":"ReadAction","target":["https:\/\/altermedianetwork.com\/index.php\/creat-tvt\/"]}]},{"@type":"ImageObject","inLanguage":"es","@id":"https:\/\/altermedianetwork.com\/index.php\/creat-tvt\/#primaryimage","url":"http:\/\/altermedianetwork.com\/wp-content\/uploads\/2021\/11\/PicsArt_11-24-04.53.23-1024x267.png","contentUrl":"http:\/\/altermedianetwork.com\/wp-content\/uploads\/2021\/11\/PicsArt_11-24-04.53.23-1024x267.png"},{"@type":"BreadcrumbList","@id":"https:\/\/altermedianetwork.com\/index.php\/creat-tvt\/#breadcrumb","itemListElement":[{"@type":"ListItem","position":1,"name":"Inicio","item":"https:\/\/altermedianetwork.com\/"},{"@type":"ListItem","position":2,"name":"AMNCreattvt"}]},{"@type":"WebSite","@id":"https:\/\/altermedianetwork.com\/#website","url":"https:\/\/altermedianetwork.com\/","name":"Home","description":"","publisher":{"@id":"https:\/\/altermedianetwork.com\/#organization"},"potentialAction":[{"@type":"SearchAction","target":{"@type":"EntryPoint","urlTemplate":"https:\/\/altermedianetwork.com\/?s={search_term_string}"},"query-input":{"@type":"PropertyValueSpecification","valueRequired":true,"valueName":"search_term_string"}}],"inLanguage":"es"},{"@type":"Organization","@id":"https:\/\/altermedianetwork.com\/#organization","name":"Home","url":"https:\/\/altermedianetwork.com\/","logo":{"@type":"ImageObject","inLanguage":"es","@id":"https:\/\/altermedianetwork.com\/#\/schema\/logo\/image\/","url":"https:\/\/altermedianetwork.com\/wp-content\/uploads\/2020\/05\/cropped-AMNCOM.png","contentUrl":"https:\/\/altermedianetwork.com\/wp-content\/uploads\/2020\/05\/cropped-AMNCOM.png","width":653,"height":122,"caption":"Home"},"image":{"@id":"https:\/\/altermedianetwork.com\/#\/schema\/logo\/image\/"}}]}},"_links":{"self":[{"href":"https:\/\/altermedianetwork.com\/index.php\/wp-json\/wp\/v2\/pages\/794","targetHints":{"allow":["GET"]}}],"collection":[{"href":"https:\/\/altermedianetwork.com\/index.php\/wp-json\/wp\/v2\/pages"}],"about":[{"href":"https:\/\/altermedianetwork.com\/index.php\/wp-json\/wp\/v2\/types\/page"}],"author":[{"embeddable":true,"href":"https:\/\/altermedianetwork.com\/index.php\/wp-json\/wp\/v2\/users\/2"}],"replies":[{"embeddable":true,"href":"https:\/\/altermedianetwork.com\/index.php\/wp-json\/wp\/v2\/comments?post=794"}],"version-history":[{"count":9,"href":"https:\/\/altermedianetwork.com\/index.php\/wp-json\/wp\/v2\/pages\/794\/revisions"}],"predecessor-version":[{"id":1731,"href":"https:\/\/altermedianetwork.com\/index.php\/wp-json\/wp\/v2\/pages\/794\/revisions\/1731"}],"wp:attachment":[{"href":"https:\/\/altermedianetwork.com\/index.php\/wp-json\/wp\/v2\/media?parent=794"}],"curies":[{"name":"wp","href":"https:\/\/api.w.org\/{rel}","templated":true}]}}