{"id":926,"date":"2021-12-01T10:04:05","date_gmt":"2021-12-01T10:04:05","guid":{"rendered":"http:\/\/altermedianetwork.com\/?page_id=926"},"modified":"2022-08-18T08:33:24","modified_gmt":"2022-08-18T08:33:24","slug":"especialesc","status":"publish","type":"page","link":"https:\/\/altermedianetwork.com\/index.php\/especialesc\/","title":{"rendered":"Especiales SC"},"content":{"rendered":"\n<figure class=\"wp-block-image size-large\"><img loading=\"lazy\" decoding=\"async\" width=\"1024\" height=\"387\" src=\"http:\/\/altermedianetwork.com\/wp-content\/uploads\/2022\/08\/1_orig-1-1024x387.jpeg\" alt=\"\" class=\"wp-image-1411\" srcset=\"https:\/\/altermedianetwork.com\/wp-content\/uploads\/2022\/08\/1_orig-1-1024x387.jpeg 1024w, https:\/\/altermedianetwork.com\/wp-content\/uploads\/2022\/08\/1_orig-1-300x113.jpeg 300w, https:\/\/altermedianetwork.com\/wp-content\/uploads\/2022\/08\/1_orig-1-768x290.jpeg 768w, https:\/\/altermedianetwork.com\/wp-content\/uploads\/2022\/08\/1_orig-1-1536x580.jpeg 1536w, https:\/\/altermedianetwork.com\/wp-content\/uploads\/2022\/08\/1_orig-1-2048x774.jpeg 2048w\" sizes=\"auto, (max-width: 1024px) 100vw, 1024px\" \/><\/figure>\n\n\n\n<p class=\"has-text-align-center has-nv-c-1-color has-text-color\"><strong>#SoundCity<\/strong>&nbsp;<strong>#EspecialesSC  #AltermediaNetwork<\/strong><\/p>\n\n\n\n<hr class=\"wp-block-separator alignfull has-text-color has-background has-nv-c-1-background-color has-nv-c-1-color\"\/>\n\n\n\n<p class=\"has-text-align-center\"><strong>Especiales SoundCity es una serie de coberturas de eventos para radio, podcast con tem\u00e1ticas \u00fanicas y repeticiones de programas importantes.<\/strong><\/p>\n\n\n\n<p class=\"has-text-align-center has-small-font-size\">POR FAVOR ELIGE LA OPCI\u00d3N &#8220;REPRODUCIR EN EL NAVEGADOR&#8221;<\/p>\n\n\n\n<figure class=\"wp-block-image size-large is-resized\"><img loading=\"lazy\" decoding=\"async\" src=\"http:\/\/altermedianetwork.com\/wp-content\/uploads\/2022\/07\/Est-1024x424.png\" alt=\"\" class=\"wp-image-1404\" width=\"134\" height=\"55\" srcset=\"https:\/\/altermedianetwork.com\/wp-content\/uploads\/2022\/07\/Est-1024x424.png 1024w, https:\/\/altermedianetwork.com\/wp-content\/uploads\/2022\/07\/Est-300x124.png 300w, https:\/\/altermedianetwork.com\/wp-content\/uploads\/2022\/07\/Est-768x318.png 768w, https:\/\/altermedianetwork.com\/wp-content\/uploads\/2022\/07\/Est-1536x636.png 1536w, https:\/\/altermedianetwork.com\/wp-content\/uploads\/2022\/07\/Est-2048x848.png 2048w\" sizes=\"auto, (max-width: 134px) 100vw, 134px\" \/><\/figure>\n\n\n\n<iframe loading=\"lazy\" src=\"https:\/\/mx.ivoox.com\/es\/player_es_podcast_753972_zp_1.html\" width=\"100%\" style=\"border: 1px solid #FFFFFF;\" height=\"400\" frameborder=\"0\" allowfullscreen=\"0\" scrolling=\"no\"><\/iframe>\n\n\n\n<div class=\"wp-block-image\"><figure class=\"aligncenter size-large is-resized\"><a href=\"http:\/\/altermedianetwork.com\/index.php\/soundcity\/\"><img loading=\"lazy\" decoding=\"async\" src=\"http:\/\/altermedianetwork.com\/wp-content\/uploads\/2022\/07\/Bakpod-1024x223.png\" alt=\"\" class=\"wp-image-1405\" width=\"208\" height=\"44\" srcset=\"https:\/\/altermedianetwork.com\/wp-content\/uploads\/2022\/07\/Bakpod-1024x223.png 1024w, https:\/\/altermedianetwork.com\/wp-content\/uploads\/2022\/07\/Bakpod-300x65.png 300w, https:\/\/altermedianetwork.com\/wp-content\/uploads\/2022\/07\/Bakpod-768x167.png 768w, https:\/\/altermedianetwork.com\/wp-content\/uploads\/2022\/07\/Bakpod-1536x334.png 1536w, https:\/\/altermedianetwork.com\/wp-content\/uploads\/2022\/07\/Bakpod-2048x446.png 2048w\" sizes=\"auto, (max-width: 208px) 100vw, 208px\" \/><\/a><\/figure><\/div>\n","protected":false},"excerpt":{"rendered":"<p>#SoundCity&nbsp;#EspecialesSC #AltermediaNetwork Especiales SoundCity es una serie de coberturas de eventos para radio, podcast con tem\u00e1ticas \u00fanicas y repeticiones de programas importantes. POR FAVOR ELIGE LA OPCI\u00d3N &#8220;REPRODUCIR EN EL NAVEGADOR&#8221;<\/p>\n","protected":false},"author":2,"featured_media":0,"parent":0,"menu_order":0,"comment_status":"closed","ping_status":"closed","template":"","meta":{"neve_meta_sidebar":"","neve_meta_container":"","neve_meta_enable_content_width":"","neve_meta_content_width":0,"neve_meta_title_alignment":"","neve_meta_author_avatar":"","neve_post_elements_order":"","neve_meta_disable_header":"","neve_meta_disable_footer":"","neve_meta_disable_title":"on","footnotes":""},"class_list":["post-926","page","type-page","status-publish","hentry"],"yoast_head":"<!-- This site is optimized with the Yoast SEO plugin v27.4 - https:\/\/yoast.com\/product\/yoast-seo-wordpress\/ -->\n<title>Especiales SC - Home<\/title>\n<meta name=\"robots\" content=\"index, follow, max-snippet:-1, max-image-preview:large, max-video-preview:-1\" \/>\n<link rel=\"canonical\" href=\"https:\/\/altermedianetwork.com\/index.php\/especialesc\/\" \/>\n<meta property=\"og:locale\" content=\"es_MX\" \/>\n<meta property=\"og:type\" content=\"article\" \/>\n<meta property=\"og:title\" content=\"Especiales SC - Home\" \/>\n<meta property=\"og:description\" content=\"#SoundCity&nbsp;#EspecialesSC #AltermediaNetwork Especiales SoundCity es una serie de coberturas de eventos para radio, podcast con tem\u00e1ticas \u00fanicas y repeticiones de programas importantes. POR FAVOR ELIGE LA OPCI\u00d3N &#8220;REPRODUCIR EN EL NAVEGADOR&#8221;\" \/>\n<meta property=\"og:url\" content=\"https:\/\/altermedianetwork.com\/index.php\/especialesc\/\" \/>\n<meta property=\"og:site_name\" content=\"Home\" \/>\n<meta property=\"article:modified_time\" content=\"2022-08-18T08:33:24+00:00\" \/>\n<meta property=\"og:image\" content=\"http:\/\/altermedianetwork.com\/wp-content\/uploads\/2022\/08\/1_orig-1-1024x387.jpeg\" \/>\n<meta name=\"twitter:card\" content=\"summary_large_image\" \/>\n<meta name=\"twitter:label1\" content=\"Tiempo de lectura\" \/>\n\t<meta name=\"twitter:data1\" content=\"1 minuto\" \/>\n<script type=\"application\/ld+json\" class=\"yoast-schema-graph\">{\"@context\":\"https:\\\/\\\/schema.org\",\"@graph\":[{\"@type\":\"WebPage\",\"@id\":\"https:\\\/\\\/altermedianetwork.com\\\/index.php\\\/especialesc\\\/\",\"url\":\"https:\\\/\\\/altermedianetwork.com\\\/index.php\\\/especialesc\\\/\",\"name\":\"Especiales SC - Home\",\"isPartOf\":{\"@id\":\"https:\\\/\\\/altermedianetwork.com\\\/#website\"},\"primaryImageOfPage\":{\"@id\":\"https:\\\/\\\/altermedianetwork.com\\\/index.php\\\/especialesc\\\/#primaryimage\"},\"image\":{\"@id\":\"https:\\\/\\\/altermedianetwork.com\\\/index.php\\\/especialesc\\\/#primaryimage\"},\"thumbnailUrl\":\"http:\\\/\\\/altermedianetwork.com\\\/wp-content\\\/uploads\\\/2022\\\/08\\\/1_orig-1-1024x387.jpeg\",\"datePublished\":\"2021-12-01T10:04:05+00:00\",\"dateModified\":\"2022-08-18T08:33:24+00:00\",\"breadcrumb\":{\"@id\":\"https:\\\/\\\/altermedianetwork.com\\\/index.php\\\/especialesc\\\/#breadcrumb\"},\"inLanguage\":\"es\",\"potentialAction\":[{\"@type\":\"ReadAction\",\"target\":[\"https:\\\/\\\/altermedianetwork.com\\\/index.php\\\/especialesc\\\/\"]}]},{\"@type\":\"ImageObject\",\"inLanguage\":\"es\",\"@id\":\"https:\\\/\\\/altermedianetwork.com\\\/index.php\\\/especialesc\\\/#primaryimage\",\"url\":\"https:\\\/\\\/altermedianetwork.com\\\/wp-content\\\/uploads\\\/2022\\\/08\\\/1_orig-1-scaled.jpeg\",\"contentUrl\":\"https:\\\/\\\/altermedianetwork.com\\\/wp-content\\\/uploads\\\/2022\\\/08\\\/1_orig-1-scaled.jpeg\",\"width\":2560,\"height\":967},{\"@type\":\"BreadcrumbList\",\"@id\":\"https:\\\/\\\/altermedianetwork.com\\\/index.php\\\/especialesc\\\/#breadcrumb\",\"itemListElement\":[{\"@type\":\"ListItem\",\"position\":1,\"name\":\"Inicio\",\"item\":\"https:\\\/\\\/altermedianetwork.com\\\/\"},{\"@type\":\"ListItem\",\"position\":2,\"name\":\"Especiales SC\"}]},{\"@type\":\"WebSite\",\"@id\":\"https:\\\/\\\/altermedianetwork.com\\\/#website\",\"url\":\"https:\\\/\\\/altermedianetwork.com\\\/\",\"name\":\"Home\",\"description\":\"\",\"publisher\":{\"@id\":\"https:\\\/\\\/altermedianetwork.com\\\/#organization\"},\"potentialAction\":[{\"@type\":\"SearchAction\",\"target\":{\"@type\":\"EntryPoint\",\"urlTemplate\":\"https:\\\/\\\/altermedianetwork.com\\\/?s={search_term_string}\"},\"query-input\":{\"@type\":\"PropertyValueSpecification\",\"valueRequired\":true,\"valueName\":\"search_term_string\"}}],\"inLanguage\":\"es\"},{\"@type\":\"Organization\",\"@id\":\"https:\\\/\\\/altermedianetwork.com\\\/#organization\",\"name\":\"Home\",\"url\":\"https:\\\/\\\/altermedianetwork.com\\\/\",\"logo\":{\"@type\":\"ImageObject\",\"inLanguage\":\"es\",\"@id\":\"https:\\\/\\\/altermedianetwork.com\\\/#\\\/schema\\\/logo\\\/image\\\/\",\"url\":\"https:\\\/\\\/altermedianetwork.com\\\/wp-content\\\/uploads\\\/2020\\\/05\\\/cropped-AMNCOM.png\",\"contentUrl\":\"https:\\\/\\\/altermedianetwork.com\\\/wp-content\\\/uploads\\\/2020\\\/05\\\/cropped-AMNCOM.png\",\"width\":653,\"height\":122,\"caption\":\"Home\"},\"image\":{\"@id\":\"https:\\\/\\\/altermedianetwork.com\\\/#\\\/schema\\\/logo\\\/image\\\/\"}}]}<\/script>\n<!-- \/ Yoast SEO plugin. -->","yoast_head_json":{"title":"Especiales SC - Home","robots":{"index":"index","follow":"follow","max-snippet":"max-snippet:-1","max-image-preview":"max-image-preview:large","max-video-preview":"max-video-preview:-1"},"canonical":"https:\/\/altermedianetwork.com\/index.php\/especialesc\/","og_locale":"es_MX","og_type":"article","og_title":"Especiales SC - Home","og_description":"#SoundCity&nbsp;#EspecialesSC #AltermediaNetwork Especiales SoundCity es una serie de coberturas de eventos para radio, podcast con tem\u00e1ticas \u00fanicas y repeticiones de programas importantes. POR FAVOR ELIGE LA OPCI\u00d3N &#8220;REPRODUCIR EN EL NAVEGADOR&#8221;","og_url":"https:\/\/altermedianetwork.com\/index.php\/especialesc\/","og_site_name":"Home","article_modified_time":"2022-08-18T08:33:24+00:00","og_image":[{"url":"http:\/\/altermedianetwork.com\/wp-content\/uploads\/2022\/08\/1_orig-1-1024x387.jpeg","type":"","width":"","height":""}],"twitter_card":"summary_large_image","twitter_misc":{"Tiempo de lectura":"1 minuto"},"schema":{"@context":"https:\/\/schema.org","@graph":[{"@type":"WebPage","@id":"https:\/\/altermedianetwork.com\/index.php\/especialesc\/","url":"https:\/\/altermedianetwork.com\/index.php\/especialesc\/","name":"Especiales SC - Home","isPartOf":{"@id":"https:\/\/altermedianetwork.com\/#website"},"primaryImageOfPage":{"@id":"https:\/\/altermedianetwork.com\/index.php\/especialesc\/#primaryimage"},"image":{"@id":"https:\/\/altermedianetwork.com\/index.php\/especialesc\/#primaryimage"},"thumbnailUrl":"http:\/\/altermedianetwork.com\/wp-content\/uploads\/2022\/08\/1_orig-1-1024x387.jpeg","datePublished":"2021-12-01T10:04:05+00:00","dateModified":"2022-08-18T08:33:24+00:00","breadcrumb":{"@id":"https:\/\/altermedianetwork.com\/index.php\/especialesc\/#breadcrumb"},"inLanguage":"es","potentialAction":[{"@type":"ReadAction","target":["https:\/\/altermedianetwork.com\/index.php\/especialesc\/"]}]},{"@type":"ImageObject","inLanguage":"es","@id":"https:\/\/altermedianetwork.com\/index.php\/especialesc\/#primaryimage","url":"https:\/\/altermedianetwork.com\/wp-content\/uploads\/2022\/08\/1_orig-1-scaled.jpeg","contentUrl":"https:\/\/altermedianetwork.com\/wp-content\/uploads\/2022\/08\/1_orig-1-scaled.jpeg","width":2560,"height":967},{"@type":"BreadcrumbList","@id":"https:\/\/altermedianetwork.com\/index.php\/especialesc\/#breadcrumb","itemListElement":[{"@type":"ListItem","position":1,"name":"Inicio","item":"https:\/\/altermedianetwork.com\/"},{"@type":"ListItem","position":2,"name":"Especiales SC"}]},{"@type":"WebSite","@id":"https:\/\/altermedianetwork.com\/#website","url":"https:\/\/altermedianetwork.com\/","name":"Home","description":"","publisher":{"@id":"https:\/\/altermedianetwork.com\/#organization"},"potentialAction":[{"@type":"SearchAction","target":{"@type":"EntryPoint","urlTemplate":"https:\/\/altermedianetwork.com\/?s={search_term_string}"},"query-input":{"@type":"PropertyValueSpecification","valueRequired":true,"valueName":"search_term_string"}}],"inLanguage":"es"},{"@type":"Organization","@id":"https:\/\/altermedianetwork.com\/#organization","name":"Home","url":"https:\/\/altermedianetwork.com\/","logo":{"@type":"ImageObject","inLanguage":"es","@id":"https:\/\/altermedianetwork.com\/#\/schema\/logo\/image\/","url":"https:\/\/altermedianetwork.com\/wp-content\/uploads\/2020\/05\/cropped-AMNCOM.png","contentUrl":"https:\/\/altermedianetwork.com\/wp-content\/uploads\/2020\/05\/cropped-AMNCOM.png","width":653,"height":122,"caption":"Home"},"image":{"@id":"https:\/\/altermedianetwork.com\/#\/schema\/logo\/image\/"}}]}},"_links":{"self":[{"href":"https:\/\/altermedianetwork.com\/index.php\/wp-json\/wp\/v2\/pages\/926","targetHints":{"allow":["GET"]}}],"collection":[{"href":"https:\/\/altermedianetwork.com\/index.php\/wp-json\/wp\/v2\/pages"}],"about":[{"href":"https:\/\/altermedianetwork.com\/index.php\/wp-json\/wp\/v2\/types\/page"}],"author":[{"embeddable":true,"href":"https:\/\/altermedianetwork.com\/index.php\/wp-json\/wp\/v2\/users\/2"}],"replies":[{"embeddable":true,"href":"https:\/\/altermedianetwork.com\/index.php\/wp-json\/wp\/v2\/comments?post=926"}],"version-history":[{"count":4,"href":"https:\/\/altermedianetwork.com\/index.php\/wp-json\/wp\/v2\/pages\/926\/revisions"}],"predecessor-version":[{"id":1413,"href":"https:\/\/altermedianetwork.com\/index.php\/wp-json\/wp\/v2\/pages\/926\/revisions\/1413"}],"wp:attachment":[{"href":"https:\/\/altermedianetwork.com\/index.php\/wp-json\/wp\/v2\/media?parent=926"}],"curies":[{"name":"wp","href":"https:\/\/api.w.org\/{rel}","templated":true}]}}